{"id":2813,"date":"2013-08-21T23:00:42","date_gmt":"2013-08-21T21:00:42","guid":{"rendered":"http:\/\/www.historielaget.jostedal.no\/?page_id=2813"},"modified":"2025-04-17T11:32:34","modified_gmt":"2025-04-17T09:32:34","slug":"leirdolautbygginga-1974-78","status":"publish","type":"page","link":"https:\/\/www.historielaget.jostedal.no\/?page_id=2813","title":{"rendered":"Leird\u00f8lautbygginga (1974-78)"},"content":{"rendered":"<p>D\u00e5 Statskraftverka i 1966 byrja planlegginga av utbyggingane i Breheimen og Vest-Jotunheimen, l\u00e5g Leird\u00f8lavassdraget innanfor utbyggingsomr\u00e5det. Her var det likevel mest aktuelt med ei separat utbygging, og delplanen om dette kom i 1971, to \u00e5r f\u00f8r <a href=\"http:\/\/www.historielaget.jostedal.no\/?page_id=2797\">den samla utbyggingsplanen<\/a>.<\/p>\n<p>Utbygginga av Leird\u00f8la vart handsama av regjeringa og Stortinget, som gav konsesjon i 1974. Utbygginga kom i gang, og Leird\u00f8la kraftverk med Tunsbergdalsmagasinet stod ferdig i 1978.<\/p>\n<p>Seinare har det vore snakk om \u00e5 <a href=\"http:\/\/www.historielaget.jostedal.no\/?page_id=2831\">overf\u00f8re dei \u00e5tte &laquo;vestsideelvane&raquo;<\/a> i Jostedalen til Tunsbergdalsmagasinet, men Statkraft skrinla utbygginga i 2012.<\/p>\n<p><strong>Les meir<\/strong><\/p>\n<ul>\n<li><a href=\"http:\/\/www.lokalhistoriewiki.no\/index.php\/Leird%C3%B8lautbygginga#Vestsideelvane\">Leird\u00f8lautbygginga &#8211; utdjupande artikkel <\/a>(lokalhistoriewiki)<\/li>\n<li><a href=\"http:\/\/lokalhistoriewiki.no\/index.php\/Breheimenutbygginga\">Breheimenutbygginga \u2013 utdjupande artikkel<\/a> (lokalhistoriewiki)<\/li>\n<li>\u00d8vregard, K\u00e5re. (2004). <em>Leirdalen. Ei perle i Luster. Jordbruksbygda, storflaumane fr\u00e5 Brimkjelen, vasskraftutbygginga.<\/em> Gaupne.<\/li>\n<\/ul>\n","protected":false},"excerpt":{"rendered":"<p>D\u00e5 Statskraftverka i 1966 byrja planlegginga av utbyggingane i Breheimen og Vest-Jotunheimen, l\u00e5g Leird\u00f8lavassdraget innanfor utbyggingsomr\u00e5det. Her var det likevel mest aktuelt med ei separat utbygging, og delplanen om dette kom i 1971, to \u00e5r f\u00f8r den samla utbyggingsplanen. Utbygginga av Leird\u00f8la vart handsama av regjeringa og Stortinget, som gav konsesjon i 1974. Utbygginga kom [&hellip;]<\/p>\n","protected":false},"author":2,"featured_media":0,"parent":2795,"menu_order":3,"comment_status":"open","ping_status":"open","template":"","meta":{"ngg_post_thumbnail":0,"footnotes":""},"class_list":["post-2813","page","type-page","status-publish","hentry"],"_links":{"self":[{"href":"https:\/\/www.historielaget.jostedal.no\/index.php?rest_route=\/wp\/v2\/pages\/2813","targetHints":{"allow":["GET"]}}],"collection":[{"href":"https:\/\/www.historielaget.jostedal.no\/index.php?rest_route=\/wp\/v2\/pages"}],"about":[{"href":"https:\/\/www.historielaget.jostedal.no\/index.php?rest_route=\/wp\/v2\/types\/page"}],"author":[{"embeddable":true,"href":"https:\/\/www.historielaget.jostedal.no\/index.php?rest_route=\/wp\/v2\/users\/2"}],"replies":[{"embeddable":true,"href":"https:\/\/www.historielaget.jostedal.no\/index.php?rest_route=%2Fwp%2Fv2%2Fcomments&post=2813"}],"version-history":[{"count":8,"href":"https:\/\/www.historielaget.jostedal.no\/index.php?rest_route=\/wp\/v2\/pages\/2813\/revisions"}],"predecessor-version":[{"id":3978,"href":"https:\/\/www.historielaget.jostedal.no\/index.php?rest_route=\/wp\/v2\/pages\/2813\/revisions\/3978"}],"up":[{"embeddable":true,"href":"https:\/\/www.historielaget.jostedal.no\/index.php?rest_route=\/wp\/v2\/pages\/2795"}],"wp:attachment":[{"href":"https:\/\/www.historielaget.jostedal.no\/index.php?rest_route=%2Fwp%2Fv2%2Fmedia&parent=2813"}],"curies":[{"name":"wp","href":"https:\/\/api.w.org\/{rel}","templated":true}]}}