{"id":2851,"date":"2013-10-14T10:12:14","date_gmt":"2013-10-14T08:12:14","guid":{"rendered":"http:\/\/www.historielaget.jostedal.no\/?page_id=2851"},"modified":"2025-04-17T10:28:19","modified_gmt":"2025-04-17T08:28:19","slug":"jostedalen-fjellbygdi-ved-den-store-glitrande-isbreden-1942","status":"publish","type":"page","link":"https:\/\/www.historielaget.jostedal.no\/?page_id=2851","title":{"rendered":"Jostedalen &#8211; fjellbygdi ved den store glitrande isbreden (1942)"},"content":{"rendered":"<p><a href=\"http:\/\/www.historielaget.jostedal.no\/wordpress\/wp-content\/upLoads\/pdf.gif\"><img loading=\"lazy\" decoding=\"async\" class=\"alignleft size-full wp-image-2321\" src=\"http:\/\/www.historielaget.jostedal.no\/wordpress\/wp-content\/upLoads\/pdf.gif\" alt=\"pdf-ikon\" width=\"16\" height=\"16\" \/><\/a>\u00a0<a href=\"http:\/\/www.historielaget.jostedal.no\/wordpress\/wp-content\/upLoads\/Nynorsk_Vekeblad-nr35-1942_Jostedalen.pdf\">H. Hesjevoll: jostedalen &#8211; fjellbygdi ved den store glitrande isbreden<\/a>\u00a0(pdf, 8 Mb)<\/p>\n<p><a href=\"https:\/\/www.historielaget.jostedal.no\/wordpress\/wp-content\/upLoads\/Nn-vekeblad.jpg\"><img loading=\"lazy\" decoding=\"async\" class=\"alignleft  wp-image-3962\" src=\"https:\/\/www.historielaget.jostedal.no\/wordpress\/wp-content\/upLoads\/Nn-vekeblad-300x423.jpg\" alt=\"\" width=\"105\" height=\"148\" srcset=\"https:\/\/www.historielaget.jostedal.no\/wordpress\/wp-content\/upLoads\/Nn-vekeblad-300x423.jpg 300w, https:\/\/www.historielaget.jostedal.no\/wordpress\/wp-content\/upLoads\/Nn-vekeblad-150x212.jpg 150w, https:\/\/www.historielaget.jostedal.no\/wordpress\/wp-content\/upLoads\/Nn-vekeblad.jpg 499w\" sizes=\"auto, (max-width: 105px) 100vw, 105px\" \/><\/a>Dette vesle stykket om Jostedalen er skrive av l\u00e6rar <a href=\"http:\/\/www.lokalhistoriewiki.no\/index.php\/Hallvard_Hesjevoll\">Hallvard Hesjevoll <\/a>og stod i\u00a0<em>Nynorsk vekeblad<\/em> 1942. Her er det ei kort skildring av naturtilh\u00f8va, segna om Jostedalsrypa, historia til bygda og n\u00e6ringsvegane. Hesjevoll skriv mellom anna:<\/p>\n<p style=\"padding-left: 30px;\">Josted\u00f8lene er heimkj\u00e6re og hjelpsame, og strevar trutt for tilv\u00e6ret. Dei dyrkar jordi, og &laquo;piner korn&raquo; or ei mager mold. Men bygdi hev lege avstengd, og gjer det i nokon mun end\u00e5. og det hev ikkje alltid vore greidt \u00e5 f\u00e5 det til \u00e5 g\u00e5 framyver.<\/p>\n<p>P\u00e5 s. 11 er det bilete av &laquo;ei lita jostedalsrype&raquo;, teke av Hallvard Hesjevoll. Det er dottera hans Elen, gift H\u00f8gemo (f\u00f8dd 1937).<\/p>\n<p><strong>Kjelde<\/strong><\/p>\n<p>Hesjevoll, Hallvard. (1942). Jostedalen &#8211; fjellbygdi ved den store glitrande isbreden. <i>Nynorsk vekeblad<\/i> (nr. 35), s. 4-5.<\/p>\n<p>Stykket er funne og skanna av Knut \u00c5ge Teigen, Gaupne.<\/p>\n","protected":false},"excerpt":{"rendered":"<p>\u00a0H. Hesjevoll: jostedalen &#8211; fjellbygdi ved den store glitrande isbreden\u00a0(pdf, 8 Mb) Dette vesle stykket om Jostedalen er skrive av l\u00e6rar Hallvard Hesjevoll og stod i\u00a0Nynorsk vekeblad 1942. Her er det ei kort skildring av naturtilh\u00f8va, segna om Jostedalsrypa, historia til bygda og n\u00e6ringsvegane. Hesjevoll skriv mellom anna: Josted\u00f8lene er heimkj\u00e6re og hjelpsame, og strevar [&hellip;]<\/p>\n","protected":false},"author":2,"featured_media":0,"parent":120,"menu_order":16,"comment_status":"open","ping_status":"open","template":"","meta":{"ngg_post_thumbnail":0,"footnotes":""},"class_list":["post-2851","page","type-page","status-publish","hentry"],"_links":{"self":[{"href":"https:\/\/www.historielaget.jostedal.no\/index.php?rest_route=\/wp\/v2\/pages\/2851","targetHints":{"allow":["GET"]}}],"collection":[{"href":"https:\/\/www.historielaget.jostedal.no\/index.php?rest_route=\/wp\/v2\/pages"}],"about":[{"href":"https:\/\/www.historielaget.jostedal.no\/index.php?rest_route=\/wp\/v2\/types\/page"}],"author":[{"embeddable":true,"href":"https:\/\/www.historielaget.jostedal.no\/index.php?rest_route=\/wp\/v2\/users\/2"}],"replies":[{"embeddable":true,"href":"https:\/\/www.historielaget.jostedal.no\/index.php?rest_route=%2Fwp%2Fv2%2Fcomments&post=2851"}],"version-history":[{"count":2,"href":"https:\/\/www.historielaget.jostedal.no\/index.php?rest_route=\/wp\/v2\/pages\/2851\/revisions"}],"predecessor-version":[{"id":3963,"href":"https:\/\/www.historielaget.jostedal.no\/index.php?rest_route=\/wp\/v2\/pages\/2851\/revisions\/3963"}],"up":[{"embeddable":true,"href":"https:\/\/www.historielaget.jostedal.no\/index.php?rest_route=\/wp\/v2\/pages\/120"}],"wp:attachment":[{"href":"https:\/\/www.historielaget.jostedal.no\/index.php?rest_route=%2Fwp%2Fv2%2Fmedia&parent=2851"}],"curies":[{"name":"wp","href":"https:\/\/api.w.org\/{rel}","templated":true}]}}