{"id":30,"date":"2007-05-12T22:31:09","date_gmt":"2007-05-12T20:31:09","guid":{"rendered":"http:\/\/www.historielaget.jostedal.no\/?page_id=30"},"modified":"2010-12-01T11:24:50","modified_gmt":"2010-12-01T09:24:50","slug":"ibsen-om-jostedalsrypa","status":"publish","type":"page","link":"https:\/\/www.historielaget.jostedal.no\/?page_id=30","title":{"rendered":"Ibsen om Jostedalsrypa"},"content":{"rendered":"<p><a title=\"ibsen-rypeomslag.jpg\" href=\"http:\/\/www.historielaget.jostedal.no\/wordpress\/http:\/\/www.historielaget.jostedal.no\/public_html\/\/ibsen-rypeomslag.jpg\"><img decoding=\"async\" title=\"ibsen-rypeomslag.jpg\" src=\"http:\/\/www.historielaget.jostedal.no\/wordpress\/http:\/\/www.historielaget.jostedal.no\/public_html\/\/ibsen-rypeomslag.forhaandsvisning.jpg\" alt=\"ibsen-rypeomslag.jpg\" align=\"right\" \/><\/a>Eit av dei fyrste skodespela Henrik Ibsen tok til \u00e5 skrive p\u00e5, hadde tittelen <em>Rypen i Justedal, nationalt Skuespil i fire Acter af Brynjolf Bjarme<\/em>. Han kjende godt til og var sv\u00e6rt oppteken av <a href=\"http:\/\/www.historielaget.jostedal.no\/?page_id=36\">segnene til Andreas Faye<\/a>. Han byrja p\u00e5 stykket i Kristiania i 1850, men skreiv aldri lenger enn til midt i andre akt. Nokre \u00e5r seinare braut han gjennom som dramatikar med <em>Gildet p\u00e5 Solhaug<\/em> medan han var teatersjef i Bergen.<\/p>\n<p>I 1856 skreiv han s\u00e5 <em>Olaf Liljekrans<\/em> der han nytta motivet fr\u00e5 segna om Jostedalsrypa. Men den attlevande jenta var no vorten til brudgomen Olaf som vart ramma av alvar og r\u00f8mde til skogs dagen f\u00f8r han skulle gifte seg.<\/p>\n<p>I 1859 skreiv Ibsen sin einaste operalibretto som han aldri fullf\u00f8rte, <em>Fjeldfuglen<\/em>. Ogs\u00e5 her nytta han motiv fr\u00e5 segna om Jostedalsrypa. Jenta Alfhild er den einaste overlevande etter svartedauden i Jostedalen. Ho er sky og vill som ein fjellfugl, men av dei som finn ho forelskar seg i henne, og det utviklar seg eit trekantdrama. Stykket vart framf\u00f8rt fyrste gong i 2009.<\/p>\n<p>Det handskrivne manuskriptet til <em>Rypen i Justedal<\/em> er publisert p\u00e5 nettet av Universitetet i Oslo, og i 2006 vart stykket prenta i band 2 av Ibsens skrifter. I same band st\u00e5r \u00f2g <em>Olaf Liljekrans<\/em> og <em>Fjeldfuglen<\/em>.<\/p>\n<p><strong>Les meir<\/strong><\/p>\n<ul>\n<li><a href=\"http:\/\/www.dokpro.uio.no\/litteratur\/ibsen\/ms\/skuesp.html\">Originalmanuskriptet til Rypen i Justedal <\/a>(Universitetet i Oslo)<\/li>\n<li><a href=\"http:\/\/www.ibsen.net\/index.gan?id=104&amp;subid=0\">Om Rypen i Justedal og Olaf Liljekrans\u00a0<\/a>(ibsen.net)<\/li>\n<li><a href=\"http:\/\/www.tekstforlaget.no\/AAA2003.pdf\">Om Rypen i Justedal av\u00a0Faye-biograf Jan Faye Braadland<\/a>\u00a0(pdf, tekstforlaget.no)<\/li>\n<\/ul>\n","protected":false},"excerpt":{"rendered":"<p>Eit av dei fyrste skodespela Henrik Ibsen tok til \u00e5 skrive p\u00e5, hadde tittelen Rypen i Justedal, nationalt Skuespil i fire Acter af Brynjolf Bjarme. Han kjende godt til og var sv\u00e6rt oppteken av segnene til Andreas Faye. Han byrja p\u00e5 stykket i Kristiania i 1850, men skreiv aldri lenger enn til midt i andre [&hellip;]<\/p>\n","protected":false},"author":2,"featured_media":0,"parent":10,"menu_order":5,"comment_status":"open","ping_status":"open","template":"","meta":{"ngg_post_thumbnail":0,"footnotes":""},"class_list":["post-30","page","type-page","status-publish","hentry"],"_links":{"self":[{"href":"https:\/\/www.historielaget.jostedal.no\/index.php?rest_route=\/wp\/v2\/pages\/30","targetHints":{"allow":["GET"]}}],"collection":[{"href":"https:\/\/www.historielaget.jostedal.no\/index.php?rest_route=\/wp\/v2\/pages"}],"about":[{"href":"https:\/\/www.historielaget.jostedal.no\/index.php?rest_route=\/wp\/v2\/types\/page"}],"author":[{"embeddable":true,"href":"https:\/\/www.historielaget.jostedal.no\/index.php?rest_route=\/wp\/v2\/users\/2"}],"replies":[{"embeddable":true,"href":"https:\/\/www.historielaget.jostedal.no\/index.php?rest_route=%2Fwp%2Fv2%2Fcomments&post=30"}],"version-history":[{"count":2,"href":"https:\/\/www.historielaget.jostedal.no\/index.php?rest_route=\/wp\/v2\/pages\/30\/revisions"}],"predecessor-version":[{"id":1511,"href":"https:\/\/www.historielaget.jostedal.no\/index.php?rest_route=\/wp\/v2\/pages\/30\/revisions\/1511"}],"up":[{"embeddable":true,"href":"https:\/\/www.historielaget.jostedal.no\/index.php?rest_route=\/wp\/v2\/pages\/10"}],"wp:attachment":[{"href":"https:\/\/www.historielaget.jostedal.no\/index.php?rest_route=%2Fwp%2Fv2%2Fmedia&parent=30"}],"curies":[{"name":"wp","href":"https:\/\/api.w.org\/{rel}","templated":true}]}}