{"id":300,"date":"2009-04-11T16:50:09","date_gmt":"2009-04-11T14:50:09","guid":{"rendered":"http:\/\/www.historielaget.jostedal.no\/?page_id=300"},"modified":"2025-04-13T09:50:19","modified_gmt":"2025-04-13T07:50:19","slug":"laberg-jostedalen-ei-stutt-utgreiding","status":"publish","type":"page","link":"https:\/\/www.historielaget.jostedal.no\/?page_id=300","title":{"rendered":"Laberg: Jostedalen. Ei stutt utgreiding (1936-48)"},"content":{"rendered":"<p><a href=\"https:\/\/www.historielaget.jostedal.no\/wordpress\/wp-content\/upLoads\/laberg.jpg\"><img loading=\"lazy\" decoding=\"async\" class=\"alignleft size-full wp-image-3738\" src=\"https:\/\/www.historielaget.jostedal.no\/wordpress\/wp-content\/upLoads\/laberg.jpg\" alt=\"\" width=\"200\" height=\"286\" srcset=\"https:\/\/www.historielaget.jostedal.no\/wordpress\/wp-content\/upLoads\/laberg.jpg 200w, https:\/\/www.historielaget.jostedal.no\/wordpress\/wp-content\/upLoads\/laberg-150x215.jpg 150w\" sizes=\"auto, (max-width: 200px) 100vw, 200px\" \/><\/a>Den grundigaste framstillinga av soga til Jostedalen var lenge den Jon Laberg (1859-1948) skreiv i 1930- og 40-\u00e5ra med tittelen\u00a0 <em>Jostedalen. Ei stutt utgreiding um bygdi og folket der.\u00a0<\/em>Framstillinga hans er mykje lesen av bygdefolk og mykje nytta av dei som seinare har skrive om ulike sider ved jostedalssoga. Ho har s\u00e5leis vore sv\u00e6rt viktig n\u00e5r det gjeld \u00e5 forme josted\u00f8lene sitt syn p\u00e5 si eiga historie.<\/p>\n<p>Jostedalssoga til Laberg vart prenta i tre delar i <em>Tidsskrift utgjeve av Historielaget for Sogn <\/em>(1939-1948). Den <em>fyrste delen <\/em>var d\u00e5 utgjeven tidlegare (1936) som eige hefte. Ein vil difor finne ulike \u00e5rstal og sidetal hj\u00e5 dei som viser til Laberg, og det kan vere noko forvirrande. Den <em>tredje delen <\/em>kom \u00f2g som s\u00e6rprent, men same \u00e5r og med same sidenummerering som tidsskriftartikkelen. Dette galdt truleg \u00f2g <em>andre delen <\/em>sj\u00f8lv om det ikkje er stadfest. Det finst \u00f2g utg\u00e5ver av dei tre delane samla.<\/p>\n<p>Nedanfor er dei tre delane tilgjengelege digitalt. Ein finn \u00f2g b\u00e5e versjonane av fyrste delen. Filene er i pdf-format (1,1-4,2 Mb). Me har dessutan laga ei innhaldsliste som gjer det lettare \u00e5 finne fram og peikarar til dei to delane som er digitaliserte av Nasjonalbiblioteket.<\/p>\n<p><strong>Innhald<\/strong><\/p>\n<p><em><strong><a href=\"http:\/\/www.historielaget.jostedal.no\/laberg-1939.pdf\">Del 1 &#8211; Tidsskriftet, nr. 10, 1939<\/a><\/strong> (sidetal fr\u00e5 <a href=\"http:\/\/www.historielaget.jostedal.no\/laberg-1936.pdf\">s\u00e6rprentet\u00a01936 i parentes<\/a>)<br \/>\n<\/em>[<a href=\"https:\/\/urn.nb.no\/URN:NBN:no-nb_digibok_2021040648711\">Digital utg\u00e5ve av del 1, Nasjonalbiblioteket<\/a>]<br \/>\nForord, s. 15 (s. 3)<br \/>\nInnleiding, s. 16 (s. 5)<br \/>\nFolketal, s. 19 (s. 8)<br \/>\nN\u00e6ringsvegar, s. 21 (s. 10)<br \/>\nJordbruket, s. 21 (s. 10)<br \/>\nGard og brukarar, s. 22 (s. 11)<br \/>\nMyklemyr, \u00f8vre, s. 22 (s. 11)<br \/>\nMyklemyr, nedre, s. 27 (s. 16)<br \/>\n\u00d8y (\u00d8yi), s. 33 (s. 22)<br \/>\nOrmberg, s. 35 (s. 24)<br \/>\nOrmbergst\u00f8l, s. 39 (s. 28<br \/>\nFossen, s. 39 (s. 28)<br \/>\nSperla, s. 43 (s. 32)<br \/>\nSperl\u00f8yane, s. 46 (s. 35)<br \/>\n\u00c5sen, s. 47 (s. 36)<br \/>\nNedrelid, s. 52 (s. 41)<br \/>\nBruheim, s. 56 (s. 45)<br \/>\nBakken, s. 61 (s. 50)<br \/>\nBj\u00f8rk, s. 63 (s. 52)<br \/>\nVamberg, s. 68 (s. 57)<\/p>\n<p><strong><em><a href=\"http:\/\/www.historielaget.jostedal.no\/laberg-1944.pdf\">Del 2 &#8211; Tidsskriftet, nr. 11,\u00a01944<\/a><\/p>\n<p><\/em><\/strong>[<a href=\"https:\/\/urn.nb.no\/URN:NBN:no-nb_digitidsskrift_2022050380085_001\">Digital utg\u00e5ve av del 2, Nasjonalbiblioteket<\/a>]<\/p>\n<p>Ytri, s. 7<br \/>\nKjervik, s. 9<br \/>\nKreken, s. 11<br \/>\nEspe, s. 18<br \/>\nElvekrok, s. 21<br \/>\nMjelv\u00e6r, s. 25<br \/>\nLid, s. 35<br \/>\nF\u00e5berg, nedre, s. 37<br \/>\nF\u00e5berg, \u00f8vre, s. 40<br \/>\nHaugen, s. 47<br \/>\nHelgegarden, s. 51<br \/>\nKronen (Kruna), s. 54<br \/>\nSnetun, s. 58<br \/>\nGrov, s. 64<br \/>\nBers\u00e6ter, s. 69<br \/>\nSkulen i Jostedal 1741-1850, s. 76<br \/>\nKyrkja i Jostedal, s. 82<\/p>\n<p><a href=\"http:\/\/www.historielaget.jostedal.no\/laberg-1948.pdf\"><strong><em>Del 3 &#8211; Tidsskriftet, nr. 13, 1948<\/em><\/strong><br \/>\n<\/a><\/p>\n<p>Prestar, s. 181<br \/>\nLensmenn, s. 192<br \/>\nHeradsstyret, s. 194<\/p>\n<p><strong>Om Jon Laberg<\/strong><\/p>\n<p><a href=\"https:\/\/lokalhistoriewiki.no\/wiki\/Jon_Laberg_(1859%E2%80%931948)\">Omtale i Lokalhistoriewiki<\/a><br \/>\n<a href=\"http:\/\/www.nrk.no\/nyheter\/distrikt\/nrk_sogn_og_fjordane\/fylkesleksikon\/3224359.html\">Omtale i\u00a0NRK S&amp;Fj sitt fylkesleksikon<\/a><\/p>\n","protected":false},"excerpt":{"rendered":"<p>Den grundigaste framstillinga av soga til Jostedalen var lenge den Jon Laberg (1859-1948) skreiv i 1930- og 40-\u00e5ra med tittelen\u00a0 Jostedalen. Ei stutt utgreiding um bygdi og folket der.\u00a0Framstillinga hans er mykje lesen av bygdefolk og mykje nytta av dei som seinare har skrive om ulike sider ved jostedalssoga. Ho har s\u00e5leis vore sv\u00e6rt viktig [&hellip;]<\/p>\n","protected":false},"author":2,"featured_media":0,"parent":137,"menu_order":1,"comment_status":"open","ping_status":"open","template":"","meta":{"ngg_post_thumbnail":0,"footnotes":""},"class_list":["post-300","page","type-page","status-publish","hentry"],"_links":{"self":[{"href":"https:\/\/www.historielaget.jostedal.no\/index.php?rest_route=\/wp\/v2\/pages\/300","targetHints":{"allow":["GET"]}}],"collection":[{"href":"https:\/\/www.historielaget.jostedal.no\/index.php?rest_route=\/wp\/v2\/pages"}],"about":[{"href":"https:\/\/www.historielaget.jostedal.no\/index.php?rest_route=\/wp\/v2\/types\/page"}],"author":[{"embeddable":true,"href":"https:\/\/www.historielaget.jostedal.no\/index.php?rest_route=\/wp\/v2\/users\/2"}],"replies":[{"embeddable":true,"href":"https:\/\/www.historielaget.jostedal.no\/index.php?rest_route=%2Fwp%2Fv2%2Fcomments&post=300"}],"version-history":[{"count":14,"href":"https:\/\/www.historielaget.jostedal.no\/index.php?rest_route=\/wp\/v2\/pages\/300\/revisions"}],"predecessor-version":[{"id":3742,"href":"https:\/\/www.historielaget.jostedal.no\/index.php?rest_route=\/wp\/v2\/pages\/300\/revisions\/3742"}],"up":[{"embeddable":true,"href":"https:\/\/www.historielaget.jostedal.no\/index.php?rest_route=\/wp\/v2\/pages\/137"}],"wp:attachment":[{"href":"https:\/\/www.historielaget.jostedal.no\/index.php?rest_route=%2Fwp%2Fv2%2Fmedia&parent=300"}],"curies":[{"name":"wp","href":"https:\/\/api.w.org\/{rel}","templated":true}]}}