{"id":3040,"date":"2014-10-20T22:21:52","date_gmt":"2014-10-20T20:21:52","guid":{"rendered":"http:\/\/www.historielaget.jostedal.no\/?page_id=3040"},"modified":"2025-04-19T12:24:21","modified_gmt":"2025-04-19T10:24:21","slug":"telekommunikasjon","status":"publish","type":"page","link":"https:\/\/www.historielaget.jostedal.no\/?page_id=3040","title":{"rendered":"Telekommunikasjon"},"content":{"rendered":"<p><a href=\"http:\/\/www.historielaget.jostedal.no\/wordpress\/wp-content\/upLoads\/Telefon-nr-2-skilt.jpg\"><img loading=\"lazy\" decoding=\"async\" class=\"alignleft  wp-image-3147\" src=\"http:\/\/www.historielaget.jostedal.no\/wordpress\/wp-content\/upLoads\/Telefon-nr-2-skilt-150x219.jpg\" alt=\"Telefon nr 2 - skilt\" width=\"71\" height=\"104\" srcset=\"https:\/\/www.historielaget.jostedal.no\/wordpress\/wp-content\/upLoads\/Telefon-nr-2-skilt-150x219.jpg 150w, https:\/\/www.historielaget.jostedal.no\/wordpress\/wp-content\/upLoads\/Telefon-nr-2-skilt.jpg 291w\" sizes=\"auto, (max-width: 71px) 100vw, 71px\" \/><\/a>Telefonen kom til Jostedalen 13. november 1914 d\u00e5 Sperle rikstelefonstasjon opna. Telefonlina fr\u00e5 Gaupne og Alsmo stod ferdig m\u00e5naden f\u00f8r. I h\u00f8ve 100-\u00e5rsjubileet vil me framover leggje ut ein del stoff om telekommunikasjonshistoria i Jostedalen.<\/p>\n<p>Det tok over 20 \u00e5r fr\u00e5 telefonsaka kom opp fyrste gong til telefonlina var p\u00e5 plass. Her ligg f\u00f8rebels ei samling kjelder som gjev oversyn over den politiske kampen:<\/p>\n<ul>\n<li><a href=\"http:\/\/www.historielaget.jostedal.no\/?page_id=3042\">Telefonkomiteen 1892<\/a><\/li>\n<li><a href=\"http:\/\/www.historielaget.jostedal.no\/?page_id=3044\">Telefonsaka i kommunestyret 1896-97<\/a><\/li>\n<li><a href=\"http:\/\/www.historielaget.jostedal.no\/?page_id=3052\">Fylkestinget og Stortinget 1896-97<\/a><\/li>\n<li><a href=\"http:\/\/www.historielaget.jostedal.no\/?page_id=3059\">Kommunestyret og fylkestinget 1907-08<\/a><\/li>\n<li><a href=\"http:\/\/www.historielaget.jostedal.no\/?page_id=3077\">Telefonsaka i kommunestyret 1910<\/a><\/li>\n<li><a href=\"http:\/\/www.historielaget.jostedal.no\/?page_id=3065\">Telefonsaka i Stortinget 1910-12<\/a><\/li>\n<li><a href=\"http:\/\/www.historielaget.jostedal.no\/?page_id=3106\">Opprop for telefon 1913<\/a><\/li>\n<li><a href=\"http:\/\/www.historielaget.jostedal.no\/?page_id=3074\">Gjennombrot i Stortinget 1913<\/a><\/li>\n<\/ul>\n<p><strong>Sj\u00e5 ogs\u00e5<\/strong><\/p>\n<p>Oddmund L. Hoel. (2014). <a href=\"http:\/\/www.krundalen.no\/blogg\/wp-content\/uploads\/2007\/05\/Hoel-Telefon-100-%C3%A5r-JSA-2014.pdf\">100 \u00e5r sidan Jostedalen fekk telefon.<\/a> <em>Jostedal skule- og bygdeavis<\/em> (nr. 58), 100\u2013105.<\/p>\n<p>&nbsp;<\/p>\n","protected":false},"excerpt":{"rendered":"<p>Telefonen kom til Jostedalen 13. november 1914 d\u00e5 Sperle rikstelefonstasjon opna. Telefonlina fr\u00e5 Gaupne og Alsmo stod ferdig m\u00e5naden f\u00f8r. I h\u00f8ve 100-\u00e5rsjubileet vil me framover leggje ut ein del stoff om telekommunikasjonshistoria i Jostedalen. Det tok over 20 \u00e5r fr\u00e5 telefonsaka kom opp fyrste gong til telefonlina var p\u00e5 plass. Her ligg f\u00f8rebels ei [&hellip;]<\/p>\n","protected":false},"author":2,"featured_media":0,"parent":174,"menu_order":3,"comment_status":"open","ping_status":"open","template":"","meta":{"ngg_post_thumbnail":0,"footnotes":""},"class_list":["post-3040","page","type-page","status-publish","hentry"],"_links":{"self":[{"href":"https:\/\/www.historielaget.jostedal.no\/index.php?rest_route=\/wp\/v2\/pages\/3040","targetHints":{"allow":["GET"]}}],"collection":[{"href":"https:\/\/www.historielaget.jostedal.no\/index.php?rest_route=\/wp\/v2\/pages"}],"about":[{"href":"https:\/\/www.historielaget.jostedal.no\/index.php?rest_route=\/wp\/v2\/types\/page"}],"author":[{"embeddable":true,"href":"https:\/\/www.historielaget.jostedal.no\/index.php?rest_route=\/wp\/v2\/users\/2"}],"replies":[{"embeddable":true,"href":"https:\/\/www.historielaget.jostedal.no\/index.php?rest_route=%2Fwp%2Fv2%2Fcomments&post=3040"}],"version-history":[{"count":6,"href":"https:\/\/www.historielaget.jostedal.no\/index.php?rest_route=\/wp\/v2\/pages\/3040\/revisions"}],"predecessor-version":[{"id":3987,"href":"https:\/\/www.historielaget.jostedal.no\/index.php?rest_route=\/wp\/v2\/pages\/3040\/revisions\/3987"}],"up":[{"embeddable":true,"href":"https:\/\/www.historielaget.jostedal.no\/index.php?rest_route=\/wp\/v2\/pages\/174"}],"wp:attachment":[{"href":"https:\/\/www.historielaget.jostedal.no\/index.php?rest_route=%2Fwp%2Fv2%2Fmedia&parent=3040"}],"curies":[{"name":"wp","href":"https:\/\/api.w.org\/{rel}","templated":true}]}}