{"id":3065,"date":"2014-10-21T12:31:20","date_gmt":"2014-10-21T10:31:20","guid":{"rendered":"http:\/\/www.historielaget.jostedal.no\/?page_id=3065"},"modified":"2014-11-16T21:48:00","modified_gmt":"2014-11-16T19:48:00","slug":"telefonsaka-i-stortinget-1910-13","status":"publish","type":"page","link":"https:\/\/www.historielaget.jostedal.no\/?page_id=3065","title":{"rendered":"Telefonsaka i Stortinget 1910-12"},"content":{"rendered":"<p>Amtstinget si prioritering av telefonanlegget i Jostedalen i 1908 fekk ingen direkte konsekvensar. Anlegget stod p\u00e5 ei lang liste hj\u00e5 Telegrafvesenet, men vart ikkje prioritert.<\/p>\n<div id=\"attachment_3159\" style=\"width: 146px\" class=\"wp-caption alignleft\"><a href=\"http:\/\/www.historielaget.jostedal.no\/wordpress\/wp-content\/upLoads\/Sjur-T.-N\u00e6ss.png\"><img loading=\"lazy\" decoding=\"async\" aria-describedby=\"caption-attachment-3159\" class=\"wp-image-3159\" src=\"http:\/\/www.historielaget.jostedal.no\/wordpress\/wp-content\/upLoads\/Sjur-T.-N\u00e6ss-150x199.png\" alt=\"Sjur T. N\u00e6ss\" width=\"136\" height=\"180\" srcset=\"https:\/\/www.historielaget.jostedal.no\/wordpress\/wp-content\/upLoads\/Sjur-T.-N\u00e6ss-150x199.png 150w, https:\/\/www.historielaget.jostedal.no\/wordpress\/wp-content\/upLoads\/Sjur-T.-N\u00e6ss-300x398.png 300w, https:\/\/www.historielaget.jostedal.no\/wordpress\/wp-content\/upLoads\/Sjur-T.-N\u00e6ss.png 384w\" sizes=\"auto, (max-width: 136px) 100vw, 136px\" \/><\/a><p id=\"caption-attachment-3159\" class=\"wp-caption-text\">Sjur T. N\u00e6ss<\/p><\/div>\n<p><strong>1910:<\/strong> D\u00e5 regjeringa heller ikkje sette av midlar p\u00e5 statsbudsjettet for 1910-11 som vart lagd fram i januar 1910, engasjerte stortingsrepresentant Sjur N\u00e6ss seg. Han sende 4. mars 1910 eit <a href=\"https:\/\/www.stortinget.no\/no\/Saker-og-publikasjoner\/Stortingsforhandlinger\/Lesevisning\/?p=1910&amp;paid=5&amp;wid=a&amp;psid=DIVL991&amp;pgid=a_0768\">brev <\/a>til \u00a0jarnbanekomiteen p\u00e5 Stortinget der han bad om l\u00f8yving til anlegget. I innstillinga fr\u00e5 jarnbanekomiteen til telefon- og telegrafbudsjett, <a href=\"https:\/\/www.stortinget.no\/no\/Saker-og-publikasjoner\/Stortingsforhandlinger\/Lesevisning\/?p=1910&amp;paid=6&amp;wid=a1&amp;psid=DIVL1738&amp;pgid=a1_0533\">peika ein komitemedlem <\/a>(Oddmund Vik, Stavanger) p\u00e5 jostedalsanlegget som eitt av 11 anlegg p\u00e5 Vestlandet som snarast burde bli bygde. Men korkje komiteen eller Stortinget gjekk inn for l\u00f8yving, s\u00e5 formelt vart brevet til Ness <a href=\"https:\/\/www.stortinget.no\/no\/Saker-og-publikasjoner\/Stortingsforhandlinger\/Lesevisning\/?p=1910&amp;paid=7&amp;wid=a&amp;psid=DIVL842&amp;pgid=b_1156\">sendt over til regjeringa under handsaminga<\/a> av budsjettinnstillinga fr\u00e5 jarnbanekomiteen 12. juli 1910.<strong>1911:<\/strong> D\u00e5 regjeringa p\u00e5 ny\u00e5ret 1911 la fram statsbudsjettet for 1911-12, var det sett av l\u00f8yving til eit telefonanlegg fr\u00e5 Skjolden til Turtagr\u00f8 med sideline til Svens\u00f8y (Fortun). Telefonlina til Jostedalen var derimot\u00a0ikkje med i budsjettframlegget, men stod p\u00e5 <a href=\"https:\/\/www.stortinget.no\/no\/Saker-og-publikasjoner\/Stortingsforhandlinger\/Lesevisning\/?p=1911&amp;paid=1&amp;wid=c&amp;psid=DIVL93&amp;pgid=c_0347&amp;vt=c&amp;did=DIVL422\">ei liste fr\u00e5 telegrafdirekt\u00f8ren <\/a>med &laquo;de rikstelegraf- og telefonanl\u00e6g, som i f\u00f8rste r\u00e6kke maa komme til utf\u00f8relse&raquo;. Det var snakk om ei lang rekkje anlegg med ein samla kostnad p\u00e5 oppunder 10 mill kr &#8211; av dette var jostedalsanlegget kostnadsrekna til 18 000 kr. Lista var utarbeidd av telegrafdirekt\u00f8ren v\u00e5ren 1910 p\u00e5 oppdrag fr\u00e5 Arbeidsdepartementet, alts\u00e5 f\u00f8r N\u00e6ss sende brevet til Stortinget.<\/p>\n<p>I 1911 l\u00e5g det f\u00f8re ein ny bunke med s\u00f8knader fr\u00e5 heile landet om telefonanlegg, denne gongen \u00f2g til telefonline <a href=\"https:\/\/www.stortinget.no\/no\/Saker-og-publikasjoner\/Stortingsforhandlinger\/Lesevisning\/?p=1911&amp;paid=5&amp;wid=a&amp;psid=DIVL718&amp;pgid=a_0551\">til Urnes og Kinsedalen<\/a>\u00a0som fylkestinget i 1908 hadde prioritert <em>etter<\/em> jostedalslina. Noko nytt skriv om telefonanlegg i Jostedalen l\u00e5g ikkje f\u00f8re i 1911, korkje fr\u00e5 kommunestyret eller andre. S\u00e5leis vart ikkje telefonanlegget i Jostedalen nemnt i det heile d\u00e5 Stortinget handsama telefonsakene i 1911. Kommunestyret i Jostedalen hadde hausten 1910 handsama eit nytt sp\u00f8rsm\u00e5l fr\u00e5 Telegrafvesenet om kommunegaranti ved ei utbygging, og dette hadde nok gjeve grunn til \u00e5 tru at ei utbygging n\u00e6rma seg.<\/p>\n<p><strong>1912:<\/strong> Regjeringa la 9. januar 1912 fram <a href=\"https:\/\/www.stortinget.no\/no\/Saker-og-publikasjoner\/Stortingsforhandlinger\/Lesevisning\/?p=1912&amp;paid=1&amp;wid=c&amp;psid=DIVL95&amp;pgid=c_0379&amp;vt=c&amp;did=DIVL416\">statsbudsjettet for 1912-13<\/a>, og heller ikkje denne gongen kom det l\u00f8yving til telefonanlegget i Jostedalen. Derimot var anlegget Sogndal-Fj\u00e6rland no oppf\u00f8rt &#8211; det stod framfor Jostedalen p\u00e5 fylkestinget si prioriteringsliste fr\u00e5 1908.<\/p>\n<p>Stortingsmann N\u00e6ss engasjerte seg p\u00e5 nytt og skreiv eit <a href=\"https:\/\/www.stortinget.no\/no\/Saker-og-publikasjoner\/Stortingsforhandlinger\/Lesevisning\/?p=1912&amp;paid=5&amp;wid=a&amp;psid=DIVL609&amp;pgid=a_0360\">brev til Stortinget 12. februar 1912<\/a>\u00a0der han argumenterte kraftig for at Jostedalen no m\u00e5tte f\u00e5 telefon. Det f\u00f8rte ikkje til l\u00f8yving &#8211; som to \u00e5r f\u00f8r <a href=\"https:\/\/www.stortinget.no\/no\/Saker-og-publikasjoner\/Stortingsforhandlinger\/Lesevisning\/?p=1912&amp;paid=7&amp;wid=a&amp;psid=DIVL655&amp;pgid=a_0357\">vedtok Stortinget samr\u00f8ystes <\/a>\u00e5 sende brevet til N\u00e6ss over til regjeringa.<\/p>\n<p>&nbsp;<\/p>\n","protected":false},"excerpt":{"rendered":"<p>Amtstinget si prioritering av telefonanlegget i Jostedalen i 1908 fekk ingen direkte konsekvensar. Anlegget stod p\u00e5 ei lang liste hj\u00e5 Telegrafvesenet, men vart ikkje prioritert. 1910: D\u00e5 regjeringa heller ikkje sette av midlar p\u00e5 statsbudsjettet for 1910-11 som vart lagd fram i januar 1910, engasjerte stortingsrepresentant Sjur N\u00e6ss seg. Han sende 4. mars 1910 eit [&hellip;]<\/p>\n","protected":false},"author":2,"featured_media":0,"parent":3040,"menu_order":6,"comment_status":"open","ping_status":"open","template":"","meta":{"ngg_post_thumbnail":0,"footnotes":""},"class_list":["post-3065","page","type-page","status-publish","hentry"],"_links":{"self":[{"href":"https:\/\/www.historielaget.jostedal.no\/index.php?rest_route=\/wp\/v2\/pages\/3065","targetHints":{"allow":["GET"]}}],"collection":[{"href":"https:\/\/www.historielaget.jostedal.no\/index.php?rest_route=\/wp\/v2\/pages"}],"about":[{"href":"https:\/\/www.historielaget.jostedal.no\/index.php?rest_route=\/wp\/v2\/types\/page"}],"author":[{"embeddable":true,"href":"https:\/\/www.historielaget.jostedal.no\/index.php?rest_route=\/wp\/v2\/users\/2"}],"replies":[{"embeddable":true,"href":"https:\/\/www.historielaget.jostedal.no\/index.php?rest_route=%2Fwp%2Fv2%2Fcomments&post=3065"}],"version-history":[{"count":13,"href":"https:\/\/www.historielaget.jostedal.no\/index.php?rest_route=\/wp\/v2\/pages\/3065\/revisions"}],"predecessor-version":[{"id":3161,"href":"https:\/\/www.historielaget.jostedal.no\/index.php?rest_route=\/wp\/v2\/pages\/3065\/revisions\/3161"}],"up":[{"embeddable":true,"href":"https:\/\/www.historielaget.jostedal.no\/index.php?rest_route=\/wp\/v2\/pages\/3040"}],"wp:attachment":[{"href":"https:\/\/www.historielaget.jostedal.no\/index.php?rest_route=%2Fwp%2Fv2%2Fmedia&parent=3065"}],"curies":[{"name":"wp","href":"https:\/\/api.w.org\/{rel}","templated":true}]}}