{"id":3088,"date":"2014-10-28T00:29:42","date_gmt":"2014-10-27T22:29:42","guid":{"rendered":"http:\/\/www.historielaget.jostedal.no\/?page_id=3088"},"modified":"2014-10-28T00:47:48","modified_gmt":"2014-10-27T22:47:48","slug":"nei-til-faste-skysstasjonar-i-formannskapet-1860","status":"publish","type":"page","link":"https:\/\/www.historielaget.jostedal.no\/?page_id=3088","title":{"rendered":"1860: nei til faste skysstasjonar i formannskapet"},"content":{"rendered":"<p>Kommunen m\u00e5tte i 1860 ta stilling til om ein ville halde fram med tilseiingsstasjonar eller g\u00e5 over til faste skysstasjonar. Formannskapet slo fast at trafikken var s\u00e5 liten at ein ikkje ynskte faste stasjonar. Det ville ha medf\u00f8rt auka kostnader for kommunen.<\/p>\n<p><strong>Formannskapet 28. juni 1860 &#8211; avskrift<\/strong><\/p>\n<p>4. Dern\u00e6st erfaredes Fogderiets Skrivelse af 14de Mai, hvilken indeholder Amtets Skrivelse af 9de forrige[?] Maaned, if\u00f8lge hvilken Formandskabet opfordres til at afgive Erkl\u00e6ring om, hvorledes det \u00f8nsker Skydsv\u00e6senet ordnet overeensstemmende med \u00a71 i Lov af 23ste Marts[?] d: A. med videre. I Anledning heraf afgav Formandskabet saadan<\/p>\n<p>Erkl\u00e6ring<\/p>\n<p>Saal\u00e6nge ingen Landeveier f\u00f8rer gjennem Jostedals Pr\u00e6stegjeld til Gudbrandsdalen, er Oprettelse af faste Stationer hersteds aldeles un\u00f8dvendig. Da Reisende som bes\u00f8ge dette Pr\u00e6stegield, for at besee Br\u00e6erne, ere kjendte[?] med at faae sin Befordring paa de oprettede Tilsigelsesstationer.<\/p>\n<p><strong>Kjelde<\/strong><\/p>\n<p>M\u00f8tebok for Jostedal formannskap og kommunestyre 1838-1875, s. 112b.<\/p>\n<p>&nbsp;<\/p>\n","protected":false},"excerpt":{"rendered":"<p>Kommunen m\u00e5tte i 1860 ta stilling til om ein ville halde fram med tilseiingsstasjonar eller g\u00e5 over til faste skysstasjonar. Formannskapet slo fast at trafikken var s\u00e5 liten at ein ikkje ynskte faste stasjonar. Det ville ha medf\u00f8rt auka kostnader for kommunen. Formannskapet 28. juni 1860 &#8211; avskrift 4. Dern\u00e6st erfaredes Fogderiets Skrivelse af 14de [&hellip;]<\/p>\n","protected":false},"author":2,"featured_media":0,"parent":3081,"menu_order":3,"comment_status":"open","ping_status":"open","template":"","meta":{"ngg_post_thumbnail":0,"footnotes":""},"class_list":["post-3088","page","type-page","status-publish","hentry"],"_links":{"self":[{"href":"https:\/\/www.historielaget.jostedal.no\/index.php?rest_route=\/wp\/v2\/pages\/3088","targetHints":{"allow":["GET"]}}],"collection":[{"href":"https:\/\/www.historielaget.jostedal.no\/index.php?rest_route=\/wp\/v2\/pages"}],"about":[{"href":"https:\/\/www.historielaget.jostedal.no\/index.php?rest_route=\/wp\/v2\/types\/page"}],"author":[{"embeddable":true,"href":"https:\/\/www.historielaget.jostedal.no\/index.php?rest_route=\/wp\/v2\/users\/2"}],"replies":[{"embeddable":true,"href":"https:\/\/www.historielaget.jostedal.no\/index.php?rest_route=%2Fwp%2Fv2%2Fcomments&post=3088"}],"version-history":[{"count":3,"href":"https:\/\/www.historielaget.jostedal.no\/index.php?rest_route=\/wp\/v2\/pages\/3088\/revisions"}],"predecessor-version":[{"id":3100,"href":"https:\/\/www.historielaget.jostedal.no\/index.php?rest_route=\/wp\/v2\/pages\/3088\/revisions\/3100"}],"up":[{"embeddable":true,"href":"https:\/\/www.historielaget.jostedal.no\/index.php?rest_route=\/wp\/v2\/pages\/3081"}],"wp:attachment":[{"href":"https:\/\/www.historielaget.jostedal.no\/index.php?rest_route=%2Fwp%2Fv2%2Fmedia&parent=3088"}],"curies":[{"name":"wp","href":"https:\/\/api.w.org\/{rel}","templated":true}]}}