{"id":3269,"date":"2015-07-08T11:52:26","date_gmt":"2015-07-08T09:52:26","guid":{"rendered":"http:\/\/www.historielaget.jostedal.no\/?page_id=3269"},"modified":"2025-04-19T16:37:05","modified_gmt":"2025-04-19T14:37:05","slug":"stadnamnprosjektet-2002-2015","status":"publish","type":"page","link":"https:\/\/www.historielaget.jostedal.no\/?page_id=3269","title":{"rendered":"Stadnamnprosjektet 2002-2015"},"content":{"rendered":"<p>Stadnamnprosjektet kom i gang hausten 2002 som eit samarbeid mellom dei tre sogelaga i Luster kommune, Hafslo sogelag, Jostedal historielag og Luster sogelag. Initiativet kom fr\u00e5 Per Arvid Hauge, Skjolden. Kristen Ormberg representerer Jostedal historielag i den felles stadnamngruppa. F\u00f8rem\u00e5let med prosjektet har vore \u00e5 fullf\u00f8re registreringa av stadnamn fr\u00e5 1980-\u00e5ra som vart gjennomf\u00f8rt i varierande grad i dei ulike delane av kommunen.<\/p>\n<p>I det nye prosjektet er <a href=\"http:\/\/www.historielaget.jostedal.no\/?page_id=3260\">tidlegare registreringar<\/a> gjennomg\u00e5dde, kontrollerte og supplerte. Alle namn er kartfeste, og det er gjort opptak av uttaleformene. Alt materiale er overlevert til Fylkesarkivet i Sogn og Fjordane som har sytt for at fagpersonar har g\u00e5tt gjennom alle namnepostane og gjeve namna mest mogleg korrekte normerte skriveformer. Deretter er alle namna lagde inn i den felles stadnamnbasen for fylket. Namna vert d\u00e5 tilgjengelege p\u00e5 Internett, b\u00e5de <a href=\"http:\/\/www.historielaget.jostedal.no\/?page_id=155\">gjennom s\u00f8k i databasen og gjennom digitale kart<\/a>.<\/p>\n<p>Det lokale arbeidet er i all hovudsak drive p\u00e5 dugnad med litt betalt arbeidshjelp i avgrensa periodar. Luster kommune har teke alle kostnader med Fylkesarkivet sitt arbeid med namna og ytt tilskot til den lokale stadnamngruppa.<\/p>\n<div id=\"attachment_3284\" style=\"width: 160px\" class=\"wp-caption alignleft\"><a href=\"http:\/\/www.historielaget.jostedal.no\/wordpress\/wp-content\/upLoads\/namn-juli-2015.jpg\"><img loading=\"lazy\" decoding=\"async\" aria-describedby=\"caption-attachment-3284\" class=\"wp-image-3284 size-thumbnail\" src=\"http:\/\/www.historielaget.jostedal.no\/wordpress\/wp-content\/upLoads\/namn-juli-2015-150x269.jpg\" alt=\"Juli 2015: Namna mellom Foss\u00f8yane og Leirmo manglar, men elles er det meste p\u00e5 plass.\" width=\"150\" height=\"269\" srcset=\"https:\/\/www.historielaget.jostedal.no\/wordpress\/wp-content\/upLoads\/namn-juli-2015-150x269.jpg 150w, https:\/\/www.historielaget.jostedal.no\/wordpress\/wp-content\/upLoads\/namn-juli-2015-300x538.jpg 300w, https:\/\/www.historielaget.jostedal.no\/wordpress\/wp-content\/upLoads\/namn-juli-2015.jpg 409w\" sizes=\"auto, (max-width: 150px) 100vw, 150px\" \/><\/a><p id=\"caption-attachment-3284\" class=\"wp-caption-text\">Juli 2015: Namna mellom Foss\u00f8yane og Leirmo manglar, men elles er det meste p\u00e5 plass.<\/p><\/div>\n<p><em>Status sommaren 2015:<\/em> Alle stadnamn fr\u00e5 Jostedalen er oversende til Fylkesarkivet. Dei fleste namna er tilgjengelege p\u00e5 Internett, og resten skal kome i l\u00f8pet av \u00e5ret.<\/p>\n<p>Til samlinga: <a href=\"http:\/\/www.historielaget.jostedal.no\/?page_id=155\">Namnebasen til Fylkesarkivet<\/a><\/p>\n<p>Det har kome jamlege meldingar om arbeidet gjennom \u00e5ra. Her er eit utval:<\/p>\n<ul>\n<li><a href=\"http:\/\/www.historielaget.jostedal.no\/?p=2572\">Stadnamn fr\u00e5 Jostedalen ut p\u00e5 nettet<\/a> (14.5.2013)<\/li>\n<li><a href=\"http:\/\/www.historielaget.jostedal.no\/?p=44\">Dalf\u00f8re med tusenvis av namn<\/a> (Sogn Avis, 26.2.2007)<\/li>\n<li><a href=\"http:\/\/www.historielaget.jostedal.no\/?p=77\">Stadnamnprosjektet i Jostedal<\/a>, av Ann Kristin Sperle (JSA 2006)<\/li>\n<li><a href=\"http:\/\/www.historielaget.jostedal.no\/?p=78\">Status for stadnamnprosjektet &#8211; Ann Kristin Sperle engasjert<\/a> (17.2.2006)<\/li>\n<li><a href=\"http:\/\/www.historielaget.jostedal.no\/?p=79\">Stor stadnamnsamling fr\u00e5 1959 har dukka opp<\/a>, av Oddmund Hoel (JSA 2003)<\/li>\n<li><a href=\"http:\/\/www.historielaget.jostedal.no\/?p=80\">Stadnamnprosjektet i Luster<\/a>, av Kristen Ormberg (JSA 2003)<\/li>\n<\/ul>\n","protected":false},"excerpt":{"rendered":"<p>Stadnamnprosjektet kom i gang hausten 2002 som eit samarbeid mellom dei tre sogelaga i Luster kommune, Hafslo sogelag, Jostedal historielag og Luster sogelag. Initiativet kom fr\u00e5 Per Arvid Hauge, Skjolden. Kristen Ormberg representerer Jostedal historielag i den felles stadnamngruppa. F\u00f8rem\u00e5let med prosjektet har vore \u00e5 fullf\u00f8re registreringa av stadnamn fr\u00e5 1980-\u00e5ra som vart gjennomf\u00f8rt i [&hellip;]<\/p>\n","protected":false},"author":2,"featured_media":0,"parent":26,"menu_order":1,"comment_status":"open","ping_status":"open","template":"","meta":{"ngg_post_thumbnail":0,"footnotes":""},"class_list":["post-3269","page","type-page","status-publish","hentry"],"_links":{"self":[{"href":"https:\/\/www.historielaget.jostedal.no\/index.php?rest_route=\/wp\/v2\/pages\/3269","targetHints":{"allow":["GET"]}}],"collection":[{"href":"https:\/\/www.historielaget.jostedal.no\/index.php?rest_route=\/wp\/v2\/pages"}],"about":[{"href":"https:\/\/www.historielaget.jostedal.no\/index.php?rest_route=\/wp\/v2\/types\/page"}],"author":[{"embeddable":true,"href":"https:\/\/www.historielaget.jostedal.no\/index.php?rest_route=\/wp\/v2\/users\/2"}],"replies":[{"embeddable":true,"href":"https:\/\/www.historielaget.jostedal.no\/index.php?rest_route=%2Fwp%2Fv2%2Fcomments&post=3269"}],"version-history":[{"count":13,"href":"https:\/\/www.historielaget.jostedal.no\/index.php?rest_route=\/wp\/v2\/pages\/3269\/revisions"}],"predecessor-version":[{"id":4007,"href":"https:\/\/www.historielaget.jostedal.no\/index.php?rest_route=\/wp\/v2\/pages\/3269\/revisions\/4007"}],"up":[{"embeddable":true,"href":"https:\/\/www.historielaget.jostedal.no\/index.php?rest_route=\/wp\/v2\/pages\/26"}],"wp:attachment":[{"href":"https:\/\/www.historielaget.jostedal.no\/index.php?rest_route=%2Fwp%2Fv2%2Fmedia&parent=3269"}],"curies":[{"name":"wp","href":"https:\/\/api.w.org\/{rel}","templated":true}]}}