{"id":334,"date":"2009-06-13T00:53:19","date_gmt":"2009-06-12T22:53:19","guid":{"rendered":"http:\/\/www.historielaget.jostedal.no\/?page_id=334"},"modified":"2025-04-15T09:29:28","modified_gmt":"2025-04-15T07:29:28","slug":"ein-presteattest-fra-1800","status":"publish","type":"page","link":"https:\/\/www.historielaget.jostedal.no\/?page_id=334","title":{"rendered":"Ein presteattest (1800)"},"content":{"rendered":"<p><strong>Avskrift<\/strong><\/p>\n<p>Vel\u00e6rv\u00e6rdige hr. Ole Aabel sognepr\u00e6st til Justedal i Sogns provsti, det mindste i Norge, s\u00f8ger allerunderdanigst det nu ledige saare ringe Aurlands kald. N\u00e6st at referere mig til min ham givne attest af 4. oktober 1799, bringer jeg allerunderdanigst i erindring at denne efter alles vidnesbyrd velfortjente, i l\u00e6rdom og levnet ustraffelige mand er 16 aar in officio og 8 aar i denne lille for alle mennesker afsondrede fjeldbygd, at han er den eneste sognepr\u00e6st her fra stiftet som s\u00f8ger Urland, at hans stilling b\u00f8r gj\u00f8re ham i promotionsvei fuldkommen lig med missionairer samt at hans personlige fortjenester i\u00f8vrigt efter alt hvad jeg kan slutte berettiger ham blandt alle de nu herfra s\u00f8gende til allerunderdanigst at haabe fortrinlig det ans\u00f8gte.<\/p>\n<p style=\"text-align: left;\">Bergen den 8. marts 1800.<br \/>\nJ. N. Brun<\/p>\n<p><strong>Kjelde<\/strong><\/p>\n<p>Munthe, C. M. (1921). <em>Provst Peder Pavels Aabel og hustru Margrethe f\u00f8dt Leigh. Et stykke slegtshistorie; trykt som manuskript. <\/em>Kristiania, side 17. [<a href=\"https:\/\/urn.nb.no\/URN:NBN:no-nb_digibok_2012032024098\">Digital utg\u00e5ve, Nasjonalbiblioteket<\/a>]<\/p>\n<p><strong>Merknad<\/strong><\/p>\n<p><a href=\"http:\/\/www.lokalhistoriewiki.no\/index.php\/Ole_Aabel\">Ole Aabel <\/a>kom til Jostedalen som prest i 1792 etter at <a href=\"http:\/\/www.historielaget.jostedal.no\/?page_id=8\">Matthias Foss <\/a>d\u00f8ydde. D\u00e5 presteembetet i Aurland vart ledig, s\u00e5g Aabel eit h\u00f8ve til \u00e5 kome seg bort fr\u00e5 Jostedalen. Saman s\u00f8knaden la han ved heile tre attestar fr\u00e5 biskopar, mellom anna denne fr\u00e5 biskop <a href=\"http:\/\/www.snl.no\/Johan_Nordahl_Brun\/biskop_og_dikter\">Johan Nordahl Brun <\/a>i Bergen.<\/p>\n<p>Omgrepet <a href=\"http:\/\/ordnet.dk\/ods\/opslag?opslag=promotion&amp;submit=S%F8g\">&laquo;promotion&raquo;<\/a>\u00a0(framgang, forfremjing) i\u00a0attesten krev ei lita forklaring. Jostedalen er i fleire liknande kjelder fr\u00e5 denne tida omtala som eit &laquo;promotionskald&raquo;, alts\u00e5 eit &laquo;forfremjingskall&raquo;. Dette ville seia eit kall som p\u00e5 grunn av dei ringe vilk\u00e5ra s\u00e6rleg kvalifiserte til forfremjing (Munthe, s. 14). Og det er alts\u00e5 her biskopen, kanskje med eit glimt i auga,\u00a0meiner eit prestekall i Jostedalen er \u00e5 jamf\u00f8re med misjon\u00e6rverksemd p\u00e5 CV-en til ein prest.<\/p>\n<p>Det h\u00f8yrer med til soga at Ole Aabel fekk presteembetet i Aurland. Det eldste bornet hans, <a href=\"http:\/\/www.lokalhistoriewiki.no\/index.php\/Peder_Pavels_Aabel\">Peder Pavels Aabel<\/a>, budde i Jostedalen dei fyrste fem leve\u00e5ra. Han kom i 1822 attende til f\u00f8debygda som prest etter at presteembetet hadde vore ledig sidan 1819. Men ogs\u00e5 han s\u00e5g Jostedalen som ei rein gjennomgangsstilling &#8211; alt i 1823 fekk han sokneprestembetet i Sogndal (Munthe, s. 73).<\/p>\n<p>C. M. Munthe oppgjev ikkje kvar han har funne bispeattesten. Det kan b\u00e5de ha vore i dei private papira etter Aabel og i Riksarkivet der s\u00f8knadene til presteembeta ligg. Attesten skulle f\u00e5 godt fram kva for godbitar ein kan vente \u00e5 finne der.<\/p>\n","protected":false},"excerpt":{"rendered":"<p>Avskrift Vel\u00e6rv\u00e6rdige hr. Ole Aabel sognepr\u00e6st til Justedal i Sogns provsti, det mindste i Norge, s\u00f8ger allerunderdanigst det nu ledige saare ringe Aurlands kald. N\u00e6st at referere mig til min ham givne attest af 4. oktober 1799, bringer jeg allerunderdanigst i erindring at denne efter alles vidnesbyrd velfortjente, i l\u00e6rdom og levnet ustraffelige mand er [&hellip;]<\/p>\n","protected":false},"author":2,"featured_media":0,"parent":1299,"menu_order":5,"comment_status":"open","ping_status":"open","template":"","meta":{"ngg_post_thumbnail":0,"footnotes":""},"class_list":["post-334","page","type-page","status-publish","hentry"],"_links":{"self":[{"href":"https:\/\/www.historielaget.jostedal.no\/index.php?rest_route=\/wp\/v2\/pages\/334","targetHints":{"allow":["GET"]}}],"collection":[{"href":"https:\/\/www.historielaget.jostedal.no\/index.php?rest_route=\/wp\/v2\/pages"}],"about":[{"href":"https:\/\/www.historielaget.jostedal.no\/index.php?rest_route=\/wp\/v2\/types\/page"}],"author":[{"embeddable":true,"href":"https:\/\/www.historielaget.jostedal.no\/index.php?rest_route=\/wp\/v2\/users\/2"}],"replies":[{"embeddable":true,"href":"https:\/\/www.historielaget.jostedal.no\/index.php?rest_route=%2Fwp%2Fv2%2Fcomments&post=334"}],"version-history":[{"count":8,"href":"https:\/\/www.historielaget.jostedal.no\/index.php?rest_route=\/wp\/v2\/pages\/334\/revisions"}],"predecessor-version":[{"id":3837,"href":"https:\/\/www.historielaget.jostedal.no\/index.php?rest_route=\/wp\/v2\/pages\/334\/revisions\/3837"}],"up":[{"embeddable":true,"href":"https:\/\/www.historielaget.jostedal.no\/index.php?rest_route=\/wp\/v2\/pages\/1299"}],"wp:attachment":[{"href":"https:\/\/www.historielaget.jostedal.no\/index.php?rest_route=%2Fwp%2Fv2%2Fmedia&parent=334"}],"curies":[{"name":"wp","href":"https:\/\/api.w.org\/{rel}","templated":true}]}}