{"id":3380,"date":"2017-01-19T20:44:05","date_gmt":"2017-01-19T18:44:05","guid":{"rendered":"http:\/\/www.historielaget.jostedal.no\/?page_id=3380"},"modified":"2017-01-25T08:58:24","modified_gmt":"2017-01-25T06:58:24","slug":"biletregistreringa-i-2001","status":"publish","type":"page","link":"https:\/\/www.historielaget.jostedal.no\/?page_id=3380","title":{"rendered":"Biletregistreringa i 2001"},"content":{"rendered":"<p><a href=\"http:\/\/www.historielaget.jostedal.no\/wordpress\/wp-content\/upLoads\/PIC00002.jpg\"><img loading=\"lazy\" decoding=\"async\" class=\"alignleft size-medium wp-image-3384\" src=\"http:\/\/www.historielaget.jostedal.no\/wordpress\/wp-content\/upLoads\/PIC00002-300x240.jpg\" alt=\"\" width=\"300\" height=\"240\" srcset=\"https:\/\/www.historielaget.jostedal.no\/wordpress\/wp-content\/upLoads\/PIC00002-300x240.jpg 300w, https:\/\/www.historielaget.jostedal.no\/wordpress\/wp-content\/upLoads\/PIC00002-150x120.jpg 150w, https:\/\/www.historielaget.jostedal.no\/wordpress\/wp-content\/upLoads\/PIC00002-768x614.jpg 768w, https:\/\/www.historielaget.jostedal.no\/wordpress\/wp-content\/upLoads\/PIC00002-1024x819.jpg 1024w, https:\/\/www.historielaget.jostedal.no\/wordpress\/wp-content\/upLoads\/PIC00002.jpg 1280w\" sizes=\"auto, (max-width: 300px) 100vw, 300px\" \/><\/a><strong>Bileta som vart skanna i 2001, ligg no p\u00e5 Internett.<\/strong><\/p>\n<p>Under marknadshelga i juli 2001 hadde historielaget ein dugnad i Jostedal samfunnshus der det vart registrert og digitalisert 123 gamle fotografi. Temaet var \u00abfamiliebilete f\u00f8r 1960\u00bb, men det kom \u00f2g inn ein del andre typar foto. Det vart fylt ut registreringsskjema for alle bilete, og bileta vart skanna f\u00f8r eigarane fekk dei med seg heim att. Det vart \u00f2g laga gode papirkopiar p\u00e5 blekkskrivar av dei fleste bileta.<\/p>\n<p><a href=\"http:\/\/www.historielaget.jostedal.no\/wordpress\/wp-content\/upLoads\/PIC00008.jpg\"><img loading=\"lazy\" decoding=\"async\" class=\"alignleft size-medium wp-image-3385\" src=\"http:\/\/www.historielaget.jostedal.no\/wordpress\/wp-content\/upLoads\/PIC00008-300x240.jpg\" alt=\"\" width=\"300\" height=\"240\" srcset=\"https:\/\/www.historielaget.jostedal.no\/wordpress\/wp-content\/upLoads\/PIC00008-300x240.jpg 300w, https:\/\/www.historielaget.jostedal.no\/wordpress\/wp-content\/upLoads\/PIC00008-150x120.jpg 150w, https:\/\/www.historielaget.jostedal.no\/wordpress\/wp-content\/upLoads\/PIC00008-768x614.jpg 768w, https:\/\/www.historielaget.jostedal.no\/wordpress\/wp-content\/upLoads\/PIC00008-1024x819.jpg 1024w, https:\/\/www.historielaget.jostedal.no\/wordpress\/wp-content\/upLoads\/PIC00008.jpg 1280w\" sizes=\"auto, (max-width: 300px) 100vw, 300px\" \/><\/a>CD-ane med bileta gjekk tapte i brannen p\u00e5 Breheimsenteret i 2011, men historielaget har teke vare p\u00e5 permane med alle registreringsskjema og papirkopiar. Digitale kopiar av ein del av bileta er \u00f2g teke vare p\u00e5.<\/p>\n<p>Oversyn over materialet:<\/p>\n<p>123 fotografi vart skanna og registrerte. Nummereringa g\u00e5r fr\u00e5 1 til 124, men det finst ikkje noko nummer 81.<\/p>\n<p>46 digitale kopiar fr\u00e5 skanninga i 2001 er teke vare p\u00e5, alle innanfor nummera 1 til 70. For desse bileta har historielaget h\u00f8goppl\u00f8yste bilete i photoshop-format.<\/p>\n<p>For 67 av bileta ut over desse 46 finst det gode papirkopiar i A4- eller A5-format som vart laga p\u00e5 blekkskrivar i samband med skanninga i 2001.<\/p>\n<p>For 10 av bileta finst berre d\u00e5rlege fotokopiar saman med registreringsskjemaa.<\/p>\n<p>Etter at det kom sp\u00f8rsm\u00e5l om dette materialet hausten 2016 har historielaget gjort det digitalt tilgjengeleg p\u00e5 to m\u00e5tar.<\/p>\n<p><a href=\"https:\/\/www.dropbox.com\/sh\/jfl4m49wmfydwkx\/AACbWKMoOEvm9eoyWdMkRuqZa?dl=0\">Dropbox-mappe:<\/a> Her finn ein alle utfylte registreringsskjema (pdf), alle 123 bileta inkludert dei 10 d\u00e5rlege fotokopiane (pdf), og ein finn ei liste over alle bilete med nummer, motiv, datering og eigar (excel).<\/p>\n<p><a href=\"https:\/\/www.flickr.com\/photos\/146124256@N06\/albums\/72157678939800485\/with\/32167739236\/\">Flickr-album:<\/a> P\u00e5 denne biletdelingstenesta p\u00e5 Internett finn ein 113 av fotografia i grei kvalitet (jpg-format), alts\u00e5 alle bileta unnateke dei 10 som historielaget berre har d\u00e5rlege fotokopiar av (men dei finst i dropbox-mappa). P\u00e5 flickr er opplysningane fr\u00e5 registreringsskjemaet lagde inn, og dessutan opplysningar som er komne til seinare. Her er det eit kommentarfelt der alle kan leggje inn tilleggsopplysningar, og det vonar me alle som har nokon, vil gjere!<\/p>\n<p><a href=\"http:\/\/www.historielaget.jostedal.no\/wordpress\/wp-content\/upLoads\/Kunngjering-2001.jpg\"><img loading=\"lazy\" decoding=\"async\" class=\"alignleft size-medium wp-image-3391\" src=\"http:\/\/www.historielaget.jostedal.no\/wordpress\/wp-content\/upLoads\/Kunngjering-2001-300x424.jpg\" alt=\"\" width=\"300\" height=\"424\" srcset=\"https:\/\/www.historielaget.jostedal.no\/wordpress\/wp-content\/upLoads\/Kunngjering-2001-300x424.jpg 300w, https:\/\/www.historielaget.jostedal.no\/wordpress\/wp-content\/upLoads\/Kunngjering-2001-150x212.jpg 150w, https:\/\/www.historielaget.jostedal.no\/wordpress\/wp-content\/upLoads\/Kunngjering-2001-768x1087.jpg 768w, https:\/\/www.historielaget.jostedal.no\/wordpress\/wp-content\/upLoads\/Kunngjering-2001-724x1024.jpg 724w, https:\/\/www.historielaget.jostedal.no\/wordpress\/wp-content\/upLoads\/Kunngjering-2001.jpg 827w\" sizes=\"auto, (max-width: 300px) 100vw, 300px\" \/><\/a><a href=\"http:\/\/www.historielaget.jostedal.no\/wordpress\/wp-content\/upLoads\/Oppsummering-JSA-2001.jpg\"><img loading=\"lazy\" decoding=\"async\" class=\"alignleft size-medium wp-image-3392\" src=\"http:\/\/www.historielaget.jostedal.no\/wordpress\/wp-content\/upLoads\/Oppsummering-JSA-2001-300x424.jpg\" alt=\"\" width=\"300\" height=\"424\" srcset=\"https:\/\/www.historielaget.jostedal.no\/wordpress\/wp-content\/upLoads\/Oppsummering-JSA-2001-300x424.jpg 300w, https:\/\/www.historielaget.jostedal.no\/wordpress\/wp-content\/upLoads\/Oppsummering-JSA-2001-150x212.jpg 150w, https:\/\/www.historielaget.jostedal.no\/wordpress\/wp-content\/upLoads\/Oppsummering-JSA-2001-768x1087.jpg 768w, https:\/\/www.historielaget.jostedal.no\/wordpress\/wp-content\/upLoads\/Oppsummering-JSA-2001-724x1024.jpg 724w, https:\/\/www.historielaget.jostedal.no\/wordpress\/wp-content\/upLoads\/Oppsummering-JSA-2001.jpg 827w\" sizes=\"auto, (max-width: 300px) 100vw, 300px\" \/><\/a><\/p>\n","protected":false},"excerpt":{"rendered":"<p>Bileta som vart skanna i 2001, ligg no p\u00e5 Internett. Under marknadshelga i juli 2001 hadde historielaget ein dugnad i Jostedal samfunnshus der det vart registrert og digitalisert 123 gamle fotografi. Temaet var \u00abfamiliebilete f\u00f8r 1960\u00bb, men det kom \u00f2g inn ein del andre typar foto. Det vart fylt ut registreringsskjema for alle bilete, og [&hellip;]<\/p>\n","protected":false},"author":2,"featured_media":0,"parent":7,"menu_order":1,"comment_status":"closed","ping_status":"closed","template":"","meta":{"ngg_post_thumbnail":0,"footnotes":""},"class_list":["post-3380","page","type-page","status-publish","hentry"],"_links":{"self":[{"href":"https:\/\/www.historielaget.jostedal.no\/index.php?rest_route=\/wp\/v2\/pages\/3380","targetHints":{"allow":["GET"]}}],"collection":[{"href":"https:\/\/www.historielaget.jostedal.no\/index.php?rest_route=\/wp\/v2\/pages"}],"about":[{"href":"https:\/\/www.historielaget.jostedal.no\/index.php?rest_route=\/wp\/v2\/types\/page"}],"author":[{"embeddable":true,"href":"https:\/\/www.historielaget.jostedal.no\/index.php?rest_route=\/wp\/v2\/users\/2"}],"replies":[{"embeddable":true,"href":"https:\/\/www.historielaget.jostedal.no\/index.php?rest_route=%2Fwp%2Fv2%2Fcomments&post=3380"}],"version-history":[{"count":10,"href":"https:\/\/www.historielaget.jostedal.no\/index.php?rest_route=\/wp\/v2\/pages\/3380\/revisions"}],"predecessor-version":[{"id":3394,"href":"https:\/\/www.historielaget.jostedal.no\/index.php?rest_route=\/wp\/v2\/pages\/3380\/revisions\/3394"}],"up":[{"embeddable":true,"href":"https:\/\/www.historielaget.jostedal.no\/index.php?rest_route=\/wp\/v2\/pages\/7"}],"wp:attachment":[{"href":"https:\/\/www.historielaget.jostedal.no\/index.php?rest_route=%2Fwp%2Fv2%2Fmedia&parent=3380"}],"curies":[{"name":"wp","href":"https:\/\/api.w.org\/{rel}","templated":true}]}}