{"id":34,"date":"2007-05-12T22:40:54","date_gmt":"2007-05-12T20:40:54","guid":{"rendered":"http:\/\/www.historielaget.jostedal.no\/?page_id=34"},"modified":"2011-06-03T21:14:20","modified_gmt":"2011-06-03T19:14:20","slug":"etter-matthias-foss-1750","status":"publish","type":"page","link":"https:\/\/www.historielaget.jostedal.no\/?page_id=34","title":{"rendered":"Etter Matthias Foss (1750)"},"content":{"rendered":"<p><strong>Segna om Jostedalsrypa<\/strong>\u00a0<\/p>\n<p>Efterat den saa kaldte sorte D\u00f8d havde overgaaet Juste\u00addalen og alle, undtagen et eneste lidet Pigebarn paa foromtalte, nu \u00f8delagte, Gaard <a href=\"http:\/\/lokalhistoriewiki.no\/index.php\/Bj%C3%B8rkehaugen_(Jostedalen)\">Birkehougen <\/a>i Milvirsdalen, vare bortd\u00f8de, har Kreaturet s\u00f8gt igiennom Skovene og n\u00e6ret sig paa Marken, som l\u00f8ber til forbemeldte Vaage Pr\u00e6stegield, hvor folket, som saae en stor Deel fremmede Kreaturer, blev heel forskr\u00e6kket, tog da Kreaturet i Forvaring, og, da de ei fornumme Folk komme at s\u00f8ge efter det, toge nogle sig for at reise herover, som de frygtede det ei maatte staae vel til i Justedalen; og da de vare hidkomne, saae de Folket overalt ligge d\u00f8de, hvor de kom i Husene, og kunde ei finde nogen at tale med om dette bedr\u00f8velige Syn. Omsider da alle Gaardene vare bes\u00f8gte og de vilde begive sig til deres Hiem igien, bleve de vaer i Birkehougskoven et lidet Pigebarn, der didhen havde s\u00f8gt sin Tilflugt, eftersom hun f\u00f8rst havde faaet dem i Sigte, hvilket Barn de f\u00f8rst raabte til; men da de fornam hun mere og mere s\u00f8gte ind i Skoven for at skiule sig for dem, istedet for at de havde ventet hun skulde have n\u00e6rmet sig til dem, maatte de tage sig for at fange hende; og da de med stor Besv\u00e6rlighed omsider havde faaet hende fat, der var som en vild Fugl, og de ei forstode hendes Tale eller hun deres, toge de hende med til Vaage, angav alt hvad de havde seet og passeret var, og blev dette Barn da opdraget der en Tidlang, og kaldet med det Tilnavn Rypen (med hvilket Navn <a href=\"http:\/\/de.wikipedia.org\/wiki\/Johann_H%C3%BCbner\">Hubner <\/a>i sin Geographie anm\u00e6rker dette steds Indvaanere, naar han taler om Justedalen).<\/p>\n<p>Imidlertid har Justedalen ligget \u00f8de endeel Aaringer og v\u00e6ret ubeboet, hvorudover Husene nedraadnede, Ager og Eng forgroede med Skov, indtil, efterat adskillige Privilegier og Friheder for Skat og anden Udredning bleve lovede dem, som dette Sted igien vilde oprydde og beboe, have, saasom det rygtedes, endeel af Nordfiord af Mangel paa Ophold givet sig paa Reisen herover og taget sig for at rydde til Ager og Eng, da Faaberg-Gaardene vare de f\u00f8rste, som paa den Kant af Nordfiordinger bleve beboede, og Myklem\u00f8r-Gaardene af dem, som kom her frem neden fra denne Side af S\u00f8en. Foranf\u00f8rte Pige begav sig og omsider, da hun var kommen til Aar og Alder, til sit F\u00f8dested, blev gift og boede til sin d\u00f8d her i Justedalen. Og skal al hendes Afkom v\u00e6re bleven kaldet med det Navn Rypesl\u00e6gten. Af denne Familie veed ingen tilforladelig at sige nogen at v\u00e6re tilbagelevende; dog formenes efter endeels Beretning, at nuv\u00e6rende Lehnsmand her, <a href=\"http:\/\/lokalhistoriewiki.no\/index.php\/T%C3%B8ger_Ottoson_Sn%C3%B8tun\">T\u00f8ger Ottesen<\/a>, skal v\u00e6re udsprungen af denne Rod. Man seer da heraf, at dette Steds Indbyggere fra f\u00f8rste Grund, siden den sorte D\u00f8d overgik Stedet, ere S\u00f8efolk og mestendeels Nordfiordinger.<\/p>\n<p><strong>Kjelde<\/strong><\/p>\n<p>Foss, Mathias. (1802). Justedalens kortelige Beskrivelse. <em>Magazin for Danmark og Norges topographiske, oekonomiske og statistiske Beskrivelse <\/em>(2), 1-44. [<a href=\"http:\/\/www.historielaget.jostedal.no\/?page_id=190\">digital utg\u00e5ve<\/a>]<\/p>\n","protected":false},"excerpt":{"rendered":"<p>Segna om Jostedalsrypa\u00a0 Efterat den saa kaldte sorte D\u00f8d havde overgaaet Juste\u00addalen og alle, undtagen et eneste lidet Pigebarn paa foromtalte, nu \u00f8delagte, Gaard Birkehougen i Milvirsdalen, vare bortd\u00f8de, har Kreaturet s\u00f8gt igiennom Skovene og n\u00e6ret sig paa Marken, som l\u00f8ber til forbemeldte Vaage Pr\u00e6stegield, hvor folket, som saae en stor Deel fremmede Kreaturer, blev [&hellip;]<\/p>\n","protected":false},"author":2,"featured_media":0,"parent":27,"menu_order":3,"comment_status":"open","ping_status":"closed","template":"","meta":{"ngg_post_thumbnail":0,"footnotes":""},"class_list":["post-34","page","type-page","status-publish","hentry"],"_links":{"self":[{"href":"https:\/\/www.historielaget.jostedal.no\/index.php?rest_route=\/wp\/v2\/pages\/34","targetHints":{"allow":["GET"]}}],"collection":[{"href":"https:\/\/www.historielaget.jostedal.no\/index.php?rest_route=\/wp\/v2\/pages"}],"about":[{"href":"https:\/\/www.historielaget.jostedal.no\/index.php?rest_route=\/wp\/v2\/types\/page"}],"author":[{"embeddable":true,"href":"https:\/\/www.historielaget.jostedal.no\/index.php?rest_route=\/wp\/v2\/users\/2"}],"replies":[{"embeddable":true,"href":"https:\/\/www.historielaget.jostedal.no\/index.php?rest_route=%2Fwp%2Fv2%2Fcomments&post=34"}],"version-history":[{"count":3,"href":"https:\/\/www.historielaget.jostedal.no\/index.php?rest_route=\/wp\/v2\/pages\/34\/revisions"}],"predecessor-version":[{"id":1797,"href":"https:\/\/www.historielaget.jostedal.no\/index.php?rest_route=\/wp\/v2\/pages\/34\/revisions\/1797"}],"up":[{"embeddable":true,"href":"https:\/\/www.historielaget.jostedal.no\/index.php?rest_route=\/wp\/v2\/pages\/27"}],"wp:attachment":[{"href":"https:\/\/www.historielaget.jostedal.no\/index.php?rest_route=%2Fwp%2Fv2%2Fmedia&parent=34"}],"curies":[{"name":"wp","href":"https:\/\/api.w.org\/{rel}","templated":true}]}}