{"id":4051,"date":"2025-04-21T14:12:10","date_gmt":"2025-04-21T12:12:10","guid":{"rendered":"https:\/\/www.historielaget.jostedal.no\/?page_id=4051"},"modified":"2025-04-21T14:30:28","modified_gmt":"2025-04-21T12:30:28","slug":"velkomen-til-jostedal-historielag","status":"publish","type":"page","link":"https:\/\/www.historielaget.jostedal.no\/","title":{"rendered":"Velkomen til Jostedal historielag!"},"content":{"rendered":"\n<p><img loading=\"lazy\" decoding=\"async\" width=\"150\" height=\"189\" class=\"wp-image-4060\" style=\"width: 150px;\" src=\"https:\/\/www.historielaget.jostedal.no\/wordpress\/wp-content\/upLoads\/flintoe-myrhorn-gouache-II-scaled.jpg\" alt=\"Johannes Flintoe: Myrhorn \" srcset=\"https:\/\/www.historielaget.jostedal.no\/wordpress\/wp-content\/upLoads\/flintoe-myrhorn-gouache-II-scaled.jpg 2036w, https:\/\/www.historielaget.jostedal.no\/wordpress\/wp-content\/upLoads\/flintoe-myrhorn-gouache-II-300x377.jpg 300w, https:\/\/www.historielaget.jostedal.no\/wordpress\/wp-content\/upLoads\/flintoe-myrhorn-gouache-II-815x1024.jpg 815w, https:\/\/www.historielaget.jostedal.no\/wordpress\/wp-content\/upLoads\/flintoe-myrhorn-gouache-II-150x189.jpg 150w, https:\/\/www.historielaget.jostedal.no\/wordpress\/wp-content\/upLoads\/flintoe-myrhorn-gouache-II-768x966.jpg 768w, https:\/\/www.historielaget.jostedal.no\/wordpress\/wp-content\/upLoads\/flintoe-myrhorn-gouache-II-1222x1536.jpg 1222w, https:\/\/www.historielaget.jostedal.no\/wordpress\/wp-content\/upLoads\/flintoe-myrhorn-gouache-II-1629x2048.jpg 1629w\" sizes=\"auto, (max-width: 150px) 100vw, 150px\" \/>P\u00e5 denne nettstaden finn du stoff om historia til Jostedalen, b\u00e5de artiklar og kjelder. Du finn fram gjennom \u00e5 velje tema i menyen til venstre eller ved \u00e5 bruke <a href=\"https:\/\/www.historielaget.jostedal.no\/?page_id=4055\">s\u00f8kjefeltet til h\u00f8gre om du g\u00e5r hit<\/a>.<\/p>\n\n\n\n<p>Her legg me \u00f2g ut <a href=\"https:\/\/www.historielaget.jostedal.no\/?page_id=4055\">meldingar om aktiviteten i laget<\/a>, men f\u00f8lg ogs\u00e5 med p\u00e5 Facebook, p\u00e5 sida til Jostedal historielag og gruppa &laquo;Jostedalen saker, ting og skyss&raquo;.<\/p>\n\n\n\n<p>Leiar fr\u00e5 2025 er Olav Grov (<a href=\"https:\/\/www.historielaget.jostedal.no\/?page_id=6\">kontakt\/styre<\/a>).<\/p>\n\n\n\n<p>Vil du bli medlem? Vipps 200 kr til 760323.<\/p>\n\n\n\n<p>Send oss gjerne melding om du finn noko p\u00e5 denne nettstaden som b\u00f8r rettast, om du har idear til stoff me b\u00f8r leggje ut eller om du har sp\u00f8rsm\u00e5l eller anna p\u00e5 hjarta til laget. E-post: historielaget(kr\u00f8llalfa)jostedal.no.<\/p>\n\n\n\n<p><em>Styret<\/em><\/p>\n","protected":false},"excerpt":{"rendered":"<p>P\u00e5 denne nettstaden finn du stoff om historia til Jostedalen, b\u00e5de artiklar og kjelder. Du finn fram gjennom \u00e5 velje tema i menyen til venstre eller ved \u00e5 bruke s\u00f8kjefeltet til h\u00f8gre om du g\u00e5r hit. Her legg me \u00f2g ut meldingar om aktiviteten i laget, men f\u00f8lg ogs\u00e5 med p\u00e5 Facebook, p\u00e5 sida til [&hellip;]<\/p>\n","protected":false},"author":2,"featured_media":0,"parent":17,"menu_order":0,"comment_status":"closed","ping_status":"closed","template":"","meta":{"ngg_post_thumbnail":0,"footnotes":""},"class_list":["post-4051","page","type-page","status-publish","hentry"],"_links":{"self":[{"href":"https:\/\/www.historielaget.jostedal.no\/index.php?rest_route=\/wp\/v2\/pages\/4051","targetHints":{"allow":["GET"]}}],"collection":[{"href":"https:\/\/www.historielaget.jostedal.no\/index.php?rest_route=\/wp\/v2\/pages"}],"about":[{"href":"https:\/\/www.historielaget.jostedal.no\/index.php?rest_route=\/wp\/v2\/types\/page"}],"author":[{"embeddable":true,"href":"https:\/\/www.historielaget.jostedal.no\/index.php?rest_route=\/wp\/v2\/users\/2"}],"replies":[{"embeddable":true,"href":"https:\/\/www.historielaget.jostedal.no\/index.php?rest_route=%2Fwp%2Fv2%2Fcomments&post=4051"}],"version-history":[{"count":3,"href":"https:\/\/www.historielaget.jostedal.no\/index.php?rest_route=\/wp\/v2\/pages\/4051\/revisions"}],"predecessor-version":[{"id":4062,"href":"https:\/\/www.historielaget.jostedal.no\/index.php?rest_route=\/wp\/v2\/pages\/4051\/revisions\/4062"}],"up":[{"embeddable":true,"href":"https:\/\/www.historielaget.jostedal.no\/index.php?rest_route=\/wp\/v2\/pages\/17"}],"wp:attachment":[{"href":"https:\/\/www.historielaget.jostedal.no\/index.php?rest_route=%2Fwp%2Fv2%2Fmedia&parent=4051"}],"curies":[{"name":"wp","href":"https:\/\/api.w.org\/{rel}","templated":true}]}}