{"id":500,"date":"2009-07-19T21:43:42","date_gmt":"2009-07-19T19:43:42","guid":{"rendered":"http:\/\/www.historielaget.jostedal.no\/?page_id=500"},"modified":"2011-11-07T09:47:23","modified_gmt":"2011-11-07T07:47:23","slug":"sjur-hesjevoll-omtale","status":"publish","type":"page","link":"https:\/\/www.historielaget.jostedal.no\/?page_id=500","title":{"rendered":"Sjur Hesjevoll &#8211; kortbiografi"},"content":{"rendered":"<p><img loading=\"lazy\" decoding=\"async\" class=\"size-thumbnail wp-image-2037 alignleft\" title=\"Sjur Hesjevoll - Hardingfelespel fr\u00e5 Jostedalen\" src=\"http:\/\/www.historielaget.jostedal.no\/wordpress\/wp-content\/upLoads\/37555_XL-150x150.jpg\" alt=\"\" width=\"150\" height=\"150\" srcset=\"https:\/\/www.historielaget.jostedal.no\/wordpress\/wp-content\/upLoads\/37555_XL-150x150.jpg 150w, https:\/\/www.historielaget.jostedal.no\/wordpress\/wp-content\/upLoads\/37555_XL-300x300.jpg 300w, https:\/\/www.historielaget.jostedal.no\/wordpress\/wp-content\/upLoads\/37555_XL.jpg 600w\" sizes=\"auto, (max-width: 150px) 100vw, 150px\" \/>Kunstm\u00e5laren, felespelaren, tredreiaren og bohemen Sjur O. Hesjevoll vart f\u00f8dd 19. mars 1914. Foreldra var Anna Sjursdotter f. Krokgjelet og Ola Halvorson f. F\u00e5berg. Dei fekk tolv born, og Sjur var den tiande i rekkja.<\/p>\n<p>Sjur budde p\u00e5 heimgarden Hesjevollen fram til 1968. D\u00e5 fekk han bygt seg verkstad og husv\u00e6re p\u00e5 Stein, like ved Svoi p\u00e5 \u00d8vste Hesjevoll.<\/p>\n<p>Av utdanning hadde han folkeskulen. Han hadde ingen utdanning som spelemann eller kunstm\u00e5lar ut over nokre brevkurs. N\u00e5r det gjeld trearbeidet hadde han nok likevel godt ein god skule heime. Faren Ola var sv\u00e6rt flink med trearbeid og kjend som \u2019laggar\u2019 \u2013 ein som laga trekj\u00f8reld, som saltekjerald, ambarar, mj\u00f8lkebytter, stampar og liknande. Rettleiing i m\u00e5larkunsten fekk han nok av den 15 \u00e5r eldre broren, l\u00e6rar Hallvard Hesjevoll, som var ein kjend landskapsm\u00e5lar.<\/p>\n<p>Fyrste fela si fekk han som 5\u20136-\u00e5ring, og musikken vart den st\u00f8rste gleda hans gjennom livet. Han hadde gode l\u00e6remeistrar og f\u00f8rebilete i dei kjende jostedalsspelemennene Johannes Ormbergst\u00f8len, Martin Halveg og Olav Sperle. I vaksen alder fekk han \u00f2g god kontakt med landskjende spelemenn som Sigbj\u00f8rn Bernhoft Osa, Gjermund Haugen og Alfred Maurstad. Han deltok p\u00e5 sin fyrste kappleik som 16-\u00e5ring, og gjennom livet vart det mange kappleikar og mange gode plasseringar, b\u00e5de lokalt og i landssamanheng.<\/p>\n<p>Sjur var \u00f2g aktivt med i ungdomsarbeid, mellom anna med amat\u00f8rteater der han b\u00e5de m\u00e5la kulissar, instruerte spelestykke og sminka akt\u00f8rane.<\/p>\n<p>Sjur Hesjevoll d\u00f8ydde 18. desember 1994 og er gravlagd p\u00e5 Jostedal kyrkjegard.<\/p>\n<p><strong>Kjelder<\/strong><\/p>\n<p>Omtala er skriven av Oddmund L. Hoel p\u00e5 grunnlag av biografiske opplysningar innsamla av K\u00e5re \u00d8vregard.<\/p>\n","protected":false},"excerpt":{"rendered":"<p>Kunstm\u00e5laren, felespelaren, tredreiaren og bohemen Sjur O. Hesjevoll vart f\u00f8dd 19. mars 1914. Foreldra var Anna Sjursdotter f. Krokgjelet og Ola Halvorson f. F\u00e5berg. Dei fekk tolv born, og Sjur var den tiande i rekkja. Sjur budde p\u00e5 heimgarden Hesjevollen fram til 1968. D\u00e5 fekk han bygt seg verkstad og husv\u00e6re p\u00e5 Stein, like ved [&hellip;]<\/p>\n","protected":false},"author":2,"featured_media":0,"parent":498,"menu_order":3,"comment_status":"open","ping_status":"open","template":"","meta":{"ngg_post_thumbnail":0,"footnotes":""},"class_list":["post-500","page","type-page","status-publish","hentry"],"_links":{"self":[{"href":"https:\/\/www.historielaget.jostedal.no\/index.php?rest_route=\/wp\/v2\/pages\/500","targetHints":{"allow":["GET"]}}],"collection":[{"href":"https:\/\/www.historielaget.jostedal.no\/index.php?rest_route=\/wp\/v2\/pages"}],"about":[{"href":"https:\/\/www.historielaget.jostedal.no\/index.php?rest_route=\/wp\/v2\/types\/page"}],"author":[{"embeddable":true,"href":"https:\/\/www.historielaget.jostedal.no\/index.php?rest_route=\/wp\/v2\/users\/2"}],"replies":[{"embeddable":true,"href":"https:\/\/www.historielaget.jostedal.no\/index.php?rest_route=%2Fwp%2Fv2%2Fcomments&post=500"}],"version-history":[{"count":6,"href":"https:\/\/www.historielaget.jostedal.no\/index.php?rest_route=\/wp\/v2\/pages\/500\/revisions"}],"predecessor-version":[{"id":2041,"href":"https:\/\/www.historielaget.jostedal.no\/index.php?rest_route=\/wp\/v2\/pages\/500\/revisions\/2041"}],"up":[{"embeddable":true,"href":"https:\/\/www.historielaget.jostedal.no\/index.php?rest_route=\/wp\/v2\/pages\/498"}],"wp:attachment":[{"href":"https:\/\/www.historielaget.jostedal.no\/index.php?rest_route=%2Fwp%2Fv2%2Fmedia&parent=500"}],"curies":[{"name":"wp","href":"https:\/\/api.w.org\/{rel}","templated":true}]}}