{"id":55,"date":"2007-05-13T20:58:40","date_gmt":"2007-05-13T18:58:40","guid":{"rendered":"http:\/\/www.historielaget.jostedal.no\/?page_id=55"},"modified":"2025-04-12T10:39:04","modified_gmt":"2025-04-12T08:39:04","slug":"alfred-espe-jostedalen-fra-istid-til-sj%c3%b8lveigartid-2002","status":"publish","type":"page","link":"https:\/\/www.historielaget.jostedal.no\/?page_id=55","title":{"rendered":"Alfred Espe: Jostedalen fr\u00e5 istid til sj\u00f8lveigartid (2002)"},"content":{"rendered":"<p><a href=\"https:\/\/www.historielaget.jostedal.no\/wordpress\/wp-content\/upLoads\/forside-espe.jpg\"><img loading=\"lazy\" decoding=\"async\" class=\"alignleft  wp-image-3669\" src=\"https:\/\/www.historielaget.jostedal.no\/wordpress\/wp-content\/upLoads\/forside-espe-300x417.jpg\" alt=\"\" width=\"183\" height=\"254\" srcset=\"https:\/\/www.historielaget.jostedal.no\/wordpress\/wp-content\/upLoads\/forside-espe-300x417.jpg 300w, https:\/\/www.historielaget.jostedal.no\/wordpress\/wp-content\/upLoads\/forside-espe-150x208.jpg 150w, https:\/\/www.historielaget.jostedal.no\/wordpress\/wp-content\/upLoads\/forside-espe.jpg 602w\" sizes=\"auto, (max-width: 183px) 100vw, 183px\" \/><\/a>No er endeleg boki komen som fortel den dramatiske soga til bygdi som fostra Jostedalsrypa og meir enn nokon har opplevt n\u00e6rveret til breen. Jostedalen fr\u00e5 istid til sj\u00f8lveigartid tek s\u00e6rleg f\u00f8re seg busetnads- og landbrukshistoria og skildrar dei skiftande og harde vilk\u00e5ri for josted\u00f8lene opp gjennom hundre\u00e5ra, med pest, flaumar, brevekst og skattepress.<\/p>\n<p>Framstillingi tek til med dei fyrste jakt- og fangstfolka under hellerane i fjellet og g\u00e5r fram til tidleg p\u00e5 1800-talet d\u00e5 jostedalsb\u00f8ndene endeleg hadde vorte sj\u00f8lveigarar etter hundre\u00e5r med \u00f8ydetid og gjenoppbygging. Boki sluttar med ei rikt illustrert utgreiing om arbeidsmetodar og reiskapar som var i bruk i det gamle bondesamfunnet i Jostedalen og heilt fram til 1900-talet.B\u00e5de dei utan spesielle historiekunnskapar og dei meir historieinteresserte lesarane i og utanfor Jostedalen vil ha glede av denne boki, som har ei lett og personleg merkt framstilling og byggjer p\u00e5 eit grundig kjeldearbeid.<\/p>\n<p>4. desember var det bokslepp i gamlestova p\u00e5 kafeen med 40 framm\u00f8tte og stor stemning.<\/p>\n<p><a href=\"https:\/\/www.historielaget.jostedal.no\/wordpress\/wp-content\/upLoads\/espe-portrett.jpg\"><img loading=\"lazy\" decoding=\"async\" class=\"alignleft  wp-image-3676\" src=\"https:\/\/www.historielaget.jostedal.no\/wordpress\/wp-content\/upLoads\/espe-portrett-300x328.jpg\" alt=\"\" width=\"180\" height=\"197\" srcset=\"https:\/\/www.historielaget.jostedal.no\/wordpress\/wp-content\/upLoads\/espe-portrett-300x328.jpg 300w, https:\/\/www.historielaget.jostedal.no\/wordpress\/wp-content\/upLoads\/espe-portrett-150x164.jpg 150w, https:\/\/www.historielaget.jostedal.no\/wordpress\/wp-content\/upLoads\/espe-portrett.jpg 579w\" sizes=\"auto, (max-width: 180px) 100vw, 180px\" \/><\/a>Josted\u00f8len og skulemannen Alfred Espe (1930\u20132002) var ein av dei fremste lokalhistorikarane i Indre Sogn. Han rakk s\u00e5vidt \u00e5 bli ferdig med manuskriptet til denne boki f\u00f8r han d\u00f8ydde i april 2002.<\/p>\n<p>\u2022 88 sider<br \/>\n\u2022 120 illustrasjonar, mellom anna ei rad teikningar av Alfred Espe sj\u00f8lv<br \/>\n\u2022 Innbunden med stive permar<br \/>\n\u2022 ISBN 82-996379-0-2<br \/>\n\u2022 175 kroner (+ porto)<\/p>\n<p>Kan kj\u00f8past:<\/p>\n<ul>\n<li>hj\u00e5 Jostedal Historelag v\/ Einar Blikra, Gjerde, 6871 Jostedal, telefon 57 68 32 51<\/li>\n<li>ved \u00e5 senda tinging p\u00e5 <a href=\"mailto:oddmund@krundalen.no\">e-post<\/a><\/li>\n<li>p\u00e5 Breheimsenteret eller Jostedal hotell<\/li>\n<\/ul>\n<p>Redaksjon: Krundalen kulturtenester<br \/>\nTeknisk produksjon: sognefjord.net<\/p>\n<p><a href=\"https:\/\/urn.nb.no\/URN:NBN:no-nb_digibok_2015082548147\">Digital utg\u00e5ve, Nasjonalbiblioteket<\/a><\/p>\n<p>&nbsp;<\/p>\n","protected":false},"excerpt":{"rendered":"<p>No er endeleg boki komen som fortel den dramatiske soga til bygdi som fostra Jostedalsrypa og meir enn nokon har opplevt n\u00e6rveret til breen. Jostedalen fr\u00e5 istid til sj\u00f8lveigartid tek s\u00e6rleg f\u00f8re seg busetnads- og landbrukshistoria og skildrar dei skiftande og harde vilk\u00e5ri for josted\u00f8lene opp gjennom hundre\u00e5ra, med pest, flaumar, brevekst og skattepress. Framstillingi [&hellip;]<\/p>\n","protected":false},"author":2,"featured_media":0,"parent":3,"menu_order":5,"comment_status":"open","ping_status":"open","template":"","meta":{"ngg_post_thumbnail":0,"footnotes":""},"class_list":["post-55","page","type-page","status-publish","hentry"],"_links":{"self":[{"href":"https:\/\/www.historielaget.jostedal.no\/index.php?rest_route=\/wp\/v2\/pages\/55","targetHints":{"allow":["GET"]}}],"collection":[{"href":"https:\/\/www.historielaget.jostedal.no\/index.php?rest_route=\/wp\/v2\/pages"}],"about":[{"href":"https:\/\/www.historielaget.jostedal.no\/index.php?rest_route=\/wp\/v2\/types\/page"}],"author":[{"embeddable":true,"href":"https:\/\/www.historielaget.jostedal.no\/index.php?rest_route=\/wp\/v2\/users\/2"}],"replies":[{"embeddable":true,"href":"https:\/\/www.historielaget.jostedal.no\/index.php?rest_route=%2Fwp%2Fv2%2Fcomments&post=55"}],"version-history":[{"count":7,"href":"https:\/\/www.historielaget.jostedal.no\/index.php?rest_route=\/wp\/v2\/pages\/55\/revisions"}],"predecessor-version":[{"id":3677,"href":"https:\/\/www.historielaget.jostedal.no\/index.php?rest_route=\/wp\/v2\/pages\/55\/revisions\/3677"}],"up":[{"embeddable":true,"href":"https:\/\/www.historielaget.jostedal.no\/index.php?rest_route=\/wp\/v2\/pages\/3"}],"wp:attachment":[{"href":"https:\/\/www.historielaget.jostedal.no\/index.php?rest_route=%2Fwp%2Fv2%2Fmedia&parent=55"}],"curies":[{"name":"wp","href":"https:\/\/api.w.org\/{rel}","templated":true}]}}