{"id":785,"date":"2009-12-24T12:54:52","date_gmt":"2009-12-24T10:54:52","guid":{"rendered":"http:\/\/www.historielaget.jostedal.no\/?page_id=785"},"modified":"2025-04-13T17:59:12","modified_gmt":"2025-04-13T15:59:12","slug":"val-til-riksforsamlinga-1814","status":"publish","type":"page","link":"https:\/\/www.historielaget.jostedal.no\/?page_id=785","title":{"rendered":"1814: Val til Riksforsamlinga"},"content":{"rendered":"<p>V\u00e5ren 1814 skulle Jostedalen som alle andre prestegjeld, vere med p\u00e5 valet til ei grunnlovgjevande forsamling. Her f\u00f8lgjer adressa som vart vedteken av allmugen i Jostedalen.\u00a0T\u00f8ger Kruna og Rasmus F\u00e5berg vart med denne fullmakta dei to fyrste folkevalde i Jostedalen.<\/p>\n<p><a href=\"http:\/\/www.historielaget.jostedal.no\/wordpress\/wp-content\/upLoads\/jostedal-fullmakt-1814.jpg\"><img loading=\"lazy\" decoding=\"async\" class=\"alignleft size-thumbnail wp-image-1651\" style=\"border: white 5px solid;\" title=\"jostedal-fullmakt-1814\" src=\"http:\/\/www.historielaget.jostedal.no\/wordpress\/wp-content\/upLoads\/jostedal-fullmakt-1814-150x233.jpg\" alt=\"jostedal-fullmakt-1814\" width=\"150\" height=\"233\" srcset=\"https:\/\/www.historielaget.jostedal.no\/wordpress\/wp-content\/upLoads\/jostedal-fullmakt-1814-150x233.jpg 150w, https:\/\/www.historielaget.jostedal.no\/wordpress\/wp-content\/upLoads\/jostedal-fullmakt-1814-300x466.jpg 300w, https:\/\/www.historielaget.jostedal.no\/wordpress\/wp-content\/upLoads\/jostedal-fullmakt-1814-659x1024.jpg 659w, https:\/\/www.historielaget.jostedal.no\/wordpress\/wp-content\/upLoads\/jostedal-fullmakt-1814.jpg 1977w\" sizes=\"auto, (max-width: 150px) 100vw, 150px\" \/><\/a><strong>Avskrift<\/strong><\/p>\n<p>Til Hans Kongelige H\u00f8ihed, Norges Regent!<\/p>\n<p>Naadigste Regent!<\/p>\n<p>Har den blotte Tanke, at underkastes det Svenske Aag, stedse v\u00e6ret Normanden ubehagelig, da kunde Deres Kongelige H\u00f8ihed vist ikke vise dette sa betr\u00e6ngte Folk st\u00f8rre Naade, end at ville h\u00e6vde dets Selvst\u00e6ndighed, og tilbagegive det sin tabte Fred og Velstand; underdanigst vove vi derfor at afl\u00e6gge vor Taksigelse for denne Deres Kongelige H\u00f8iheds h\u00f8ieste Naade.<\/p>\n<p>Til Menighedens Repr\u00e6sentanter have vi, efter h\u00f8ieste Befaling, underdanigst udvalgt og herved befulm\u00e6gtige<br \/>\n1. <a href=\"http:\/\/www.lokalhistoriewiki.no\/index.php\/Rasmus_Larsson_F%C3%A5berg\">Rasmus Larsen Faaberg<\/a>, og<br \/>\n2. <a href=\"http:\/\/www.lokalhistoriewiki.no\/index.php\/T%C3%B8ger_Larsson_Kruna\">T\u00f8ger Larsen Krone<\/a>.<\/p>\n<p>Gud, i hvis Haand Deres Kongelige H\u00f8ihed har overgivet Deres og Norges retf\u00e6rdige Sag, tage Dem i sin naadige Varet\u00e6gt, og velsigne Dem og Folket!<\/p>\n<p>Justedal, den 18de Marts 1814.<\/p>\n<p>Underdanigst<\/p>\n<p><a href=\"http:\/\/lokalhistoriewiki.no\/index.php\/Holger_Halling_Schj%C3%B8dt\">Schj\u00f8dt<\/a>, <a href=\"http:\/\/lokalhistoriewiki.no\/index.php\/Johannes_Asbj%C3%B8rnson_Hus\">Johannes Bierch<\/a>, <a href=\"http:\/\/lokalhistoriewiki.no\/index.php\/Sjur_Olson_Breum\">Sjur Breum<\/a>, <a href=\"http:\/\/www.lokalhistoriewiki.no\/index.php\/T%C3%B8ger_Larsson_Kruna\">T\u00f8ger Krone<\/a>, <a href=\"http:\/\/www.lokalhistoriewiki.no\/index.php\/Rasmus_Larsson_F%C3%A5berg\">Rasmus Faaberg<\/a>,<\/p>\n<p>Alle med egen Haand; men F\u00f8lgende med paaholdt Pen.<\/p>\n<p>Hans Hellegaard. <a href=\"http:\/\/www.lokalhistoriewiki.no\/index.php\/John_Andersson_Sn%C3%B8tun\">John Snethun<\/a>, Erik Kj\u00e6rvig. <a href=\"http:\/\/lokalhistoriewiki.no\/index.php\/Erik_Anderson_%C3%85sen\">Erik Aasen<\/a>. O. Mjelv\u00e6r. <a href=\"http:\/\/www.lokalhistoriewiki.no\/index.php\/Claus_Olson_Elvekrok\">Claus Elvekrogen<\/a>. <a href=\"http:\/\/lokalhistoriewiki.no\/index.php\/Peder_Andersson_Sn%C3%B8tun\">Peder Snethun<\/a>. <a href=\"http:\/\/www.lokalhistoriewiki.no\/index.php\/Knut_Erikson_Kjervik\">Knud Kj\u00e6rvig<\/a>.<\/p>\n<p><strong>Kjelder<\/strong><\/p>\n<p><em>Fuldmagter og Adresser, overantvordede Norges Regent, Hans Kongelige H\u00f8ihed Prinds Christian Frederik, fra det Norske Folks Deputerede ved Rigsforsamlingen i Eidsvold, den 10. april 1814.<\/em> F\u00f8rste hefte. Christiania 1814, side 37-38. [<a href=\"https:\/\/urn.nb.no\/URN:NBN:no-nb_digibok_2009062613002\">Digital utg\u00e5ve, Nasjonalbiblioteket<\/a>]<\/p>\n<p>Original: <a href=\"https:\/\/www.digitalarkivet.no\/db10051104040331\">Fullmakt for Jostedalen<\/a>, Statsr\u00e5dssekretariatet, Digitaliserte dokument (RA\/S-1001\/D\/Db\/L0008), 1814-1814, oppb: Riksarkivet. (Publ. 16.5.2011)<\/p>\n<p><strong>Merknader<\/strong><\/p>\n<p>Kieltraktaten 14. januar 1814 slo fast at Danmark, som ein av dei tapande partane i Napoleonskrigen, skulle avst\u00e5 Noreg til Sverige. Den norske eliten med kronprins Kristian Frederik i spissen organiserte eit oppr\u00f8r mot dette, og den 16. februar vedtok det sokalla Notabelm\u00f8tet p\u00e5 Eidsvoll \u00e5 kalle inn til ei grunnlovsgjevande forsamling. Den 19. februar sende Kristian Fredrik ut ei kunngjering om at alle prestegjeld skulle velje to menn til ei distriktsforsamling, som s\u00e5 skulle velje tre representantar fr\u00e5 fylket til Eidsvoll. Dette skulle skje p\u00e5 ein bededag i kyrkja fyrste fredag etter at brevet var motteke.<\/p>\n<p>Vala i prestegjelda i Nordre Bergenhus amt f\u00f8regjekk 18. mars 1814 (Eivindvik 11. mars). P\u00e5 denne sundagen\u00a0svor allmugen og presten i Jostedalen eid om \u00e5 forsvare fedrelandet (<a href=\"http:\/\/www.historielaget.jostedal.no\/?page_id=1104\">sj\u00e5 kyrkjeboka<\/a>). Dei valde \u00f2g utsendingar til amtsm\u00f8tet og vedtok adressa (fr\u00e5segna) ovanfor. Amtsm\u00f8tet vart halde\u00a0 i Vik 30. mars, og der vart dei tre utsendingane fr\u00e5 Nordre Bergenhus amt til Riksforsamlinga p\u00e5 Eidsvoll valde. Det var sorenskrivar <a href=\"http:\/\/lokalhistoriewiki.no\/index.php\/Lars_Johannes_Irgens\">Lars J. Irgens <\/a>(Sogndal), sokneprest <a href=\"http:\/\/lokalhistoriewiki.no\/index.php\/Nicolai_Nielsen\">Nicolai Nielsen <\/a>(Fjaler) og gardbrukar og postopnar <a href=\"http:\/\/lokalhistoriewiki.no\/index.php\/Peder_Hjermann\">Peder Hjermann<\/a> (L\u00e6rdal).<\/p>\n<p><strong>Utsendingane og underskrivarane<br \/>\n<\/strong>Dei to som vart valde fr\u00e5 Jostedalen, <a href=\"http:\/\/www.lokalhistoriewiki.no\/index.php\/T%C3%B8ger_Larsson_Kruna\">T\u00f8ger Larsson Kruna<\/a>\u00a0(39) og <a href=\"http:\/\/www.lokalhistoriewiki.no\/index.php\/Rasmus_Larsson_F%C3%A5berg\">Rasmus Larsson F\u00e5berg<\/a>\u00a0(37), var br\u00f8r og s\u00f8ner av mange\u00e5rig lensmann <a href=\"http:\/\/www.lokalhistoriewiki.no\/index.php\/Lars_T%C3%B8gerson_Sn%C3%B8tun\">Lars T\u00f8gerson Sn\u00f8tun<\/a>. B\u00e5de Rasmus og T\u00f8ger m\u00f8tte p\u00e5 valm\u00f8tet i Vik. Me merkar oss her at josted\u00f8lene sende to b\u00f8nder og ikkje presten til amtsm\u00f8tet.<\/p>\n<p>Interessant er det \u00f2g at av dei 12 b\u00f8ndene som skreiv under adressa, var det dei to yngste som vart valde til utsendingar. Vidare ser me at alle dei seks yngste (Rasmus F\u00e5berg (37), T\u00f8ger Kruna (39), John Andersson Sn\u00f8tun (43), Peder Andersson Sn\u00f8tun (48), Knut Erikson Kjervik\u00a0(49) og Claus Olson Elvekrok (51)) var mellom dei 17 b\u00f8ndene som svor eid til Grunnlova p\u00e5 bygdetinget og skaffa seg r\u00f8ysterett alt i 1814-15. (Sj\u00e5 <a href=\"http:\/\/www.historielaget.jostedal.no\/?page_id=1672\">Josted\u00f8ler med r\u00f8ysterett 1814-1823<\/a>)<\/p>\n<p>Dei seks eldre (Sjur Olson Breum, Hans A. Helleg\u00e5rd, klokkaren Johannes Asbj\u00f8rnson Hus, Otto Paulson Mj\u00f8lver, Erik Andersson \u00c5sen og Knut Knutson Kjervik) var\u00a053-73 \u00e5r, og\u00a0av dei skaffa berre Johannes Hus seg r\u00f8ysterett seinare. Fire av dei var ikkje kvalifiserte fordi dei var k\u00e5rfolk, men det er uvisst kvifor ein framst\u00e5ande mann i bygda som Sjur Breum aldri ordna seg med r\u00f8ysterett. (Sj\u00e5 <a href=\"http:\/\/www.historielaget.jostedal.no\/?page_id=1713\">meir om dette<\/a>.)<\/p>\n<p><strong>Meir informasjon<br \/>\n<\/strong>Det vart lagt ut mange ressursar om 1814 og Grunnlova p\u00e5 nettet i h\u00f8ve 200-\u00e5rsjubileet, men dei er tekne bort eller har f\u00e5tt nye nettadresser. Me har difor fjerna lenkjene som l\u00e5g her tidlegare og m\u00e5 be interesserte s\u00f8kje sj\u00f8lv.<\/p>\n","protected":false},"excerpt":{"rendered":"<p>V\u00e5ren 1814 skulle Jostedalen som alle andre prestegjeld, vere med p\u00e5 valet til ei grunnlovgjevande forsamling. Her f\u00f8lgjer adressa som vart vedteken av allmugen i Jostedalen.\u00a0T\u00f8ger Kruna og Rasmus F\u00e5berg vart med denne fullmakta dei to fyrste folkevalde i Jostedalen. Avskrift Til Hans Kongelige H\u00f8ihed, Norges Regent! Naadigste Regent! Har den blotte Tanke, at underkastes [&hellip;]<\/p>\n","protected":false},"author":2,"featured_media":0,"parent":1098,"menu_order":1,"comment_status":"open","ping_status":"open","template":"","meta":{"ngg_post_thumbnail":0,"footnotes":""},"class_list":["post-785","page","type-page","status-publish","hentry"],"_links":{"self":[{"href":"https:\/\/www.historielaget.jostedal.no\/index.php?rest_route=\/wp\/v2\/pages\/785","targetHints":{"allow":["GET"]}}],"collection":[{"href":"https:\/\/www.historielaget.jostedal.no\/index.php?rest_route=\/wp\/v2\/pages"}],"about":[{"href":"https:\/\/www.historielaget.jostedal.no\/index.php?rest_route=\/wp\/v2\/types\/page"}],"author":[{"embeddable":true,"href":"https:\/\/www.historielaget.jostedal.no\/index.php?rest_route=\/wp\/v2\/users\/2"}],"replies":[{"embeddable":true,"href":"https:\/\/www.historielaget.jostedal.no\/index.php?rest_route=%2Fwp%2Fv2%2Fcomments&post=785"}],"version-history":[{"count":23,"href":"https:\/\/www.historielaget.jostedal.no\/index.php?rest_route=\/wp\/v2\/pages\/785\/revisions"}],"predecessor-version":[{"id":3793,"href":"https:\/\/www.historielaget.jostedal.no\/index.php?rest_route=\/wp\/v2\/pages\/785\/revisions\/3793"}],"up":[{"embeddable":true,"href":"https:\/\/www.historielaget.jostedal.no\/index.php?rest_route=\/wp\/v2\/pages\/1098"}],"wp:attachment":[{"href":"https:\/\/www.historielaget.jostedal.no\/index.php?rest_route=%2Fwp%2Fv2%2Fmedia&parent=785"}],"curies":[{"name":"wp","href":"https:\/\/api.w.org\/{rel}","templated":true}]}}