{"id":8,"date":"2007-05-11T15:48:22","date_gmt":"2007-05-11T13:48:22","guid":{"rendered":"http:\/\/www.historielaget.jostedal.no\/?page_id=8"},"modified":"2025-04-12T21:27:54","modified_gmt":"2025-04-12T19:27:54","slug":"jostedalsskildringa-1750","status":"publish","type":"page","link":"https:\/\/www.historielaget.jostedal.no\/?page_id=8","title":{"rendered":"Jostedalsskildringa av Matthias Foss (1750)"},"content":{"rendered":"<p><a href=\"https:\/\/www.historielaget.jostedal.no\/wordpress\/wp-content\/upLoads\/Justedalens-kortelige-1802.jpg\"><img loading=\"lazy\" decoding=\"async\" class=\"alignleft  wp-image-3709\" src=\"https:\/\/www.historielaget.jostedal.no\/wordpress\/wp-content\/upLoads\/Justedalens-kortelige-1802-300x210.jpg\" alt=\"\" width=\"186\" height=\"130\" srcset=\"https:\/\/www.historielaget.jostedal.no\/wordpress\/wp-content\/upLoads\/Justedalens-kortelige-1802-300x210.jpg 300w, https:\/\/www.historielaget.jostedal.no\/wordpress\/wp-content\/upLoads\/Justedalens-kortelige-1802-150x105.jpg 150w, https:\/\/www.historielaget.jostedal.no\/wordpress\/wp-content\/upLoads\/Justedalens-kortelige-1802.jpg 731w\" sizes=\"auto, (max-width: 186px) 100vw, 186px\" \/><\/a>1700-talspresten Matthias Foss er ein av dei mest kjende personane med tilknyting til Jostedalen. Det tragiske livet hans som prest i Jostedalen gjennom 50 \u00e5r er gripande nok, men det er <a href=\"http:\/\/www.historielaget.jostedal.no\/?page_id=190\"><em>Justedalens kortelige Beskrivelse<\/em><\/a> (skrive 1750, prenta 1802) som gjer at han vert hugsa.<\/p>\n<p>Jostedalsskildringa til Foss er ei av dei viktigaste kjeldene til jostedalssoga f\u00f8r 1800, og ho er eit sentralt verk i den norske historisk-topografiske litteraturen.<\/p>\n<p>Dei 50 embets\u00e5ra til Foss i Jostedalen fall saman med klimakset til &laquo;den vesle istida&raquo; og framrykkinga til breane, innf\u00f8ringa av det offentlege skulevesenet, innf\u00f8ringa av det offentlege fattigvesenet (1755) og ein byrjande vekst i folketal og husmannsplassar. S\u00e6rleg dei fyrste embets\u00e5ra kom han til \u00e5 st\u00e5 i sentrum for ei rekkje strider med allmugen i Jostedalen.<\/p>\n<p>I h\u00f8gremenyen finn ein <a href=\"http:\/\/www.historielaget.jostedal.no\/?page_id=190\">jostedalsskildringa i fulltekst <\/a>(b\u00e5de skanna og i avskrift). Her ligg \u00f2g avskrift og omtaler av ei rekkje dokument av eller om Foss. Ei rekkje eldre biografiske omtaler av Foss og ein ny artikkel om Foss og skildringa er \u00f2g lagt ut.<\/p>\n<p><a href=\"http:\/\/www.historielaget.jostedal.no\/wordpress\/wp-content\/upLoads\/1742-Foss-til-Jostedalen.jpg\"><img decoding=\"async\" class=\"alignleft  wp-image-2329\" title=\"1742 Foss til Jostedalen\" src=\"http:\/\/www.historielaget.jostedal.no\/wordpress\/wp-content\/upLoads\/1742-Foss-til-Jostedalen-1024x155.jpg\" alt=\"\" width=\"380\" srcset=\"https:\/\/www.historielaget.jostedal.no\/wordpress\/wp-content\/upLoads\/1742-Foss-til-Jostedalen-1024x155.jpg 1024w, https:\/\/www.historielaget.jostedal.no\/wordpress\/wp-content\/upLoads\/1742-Foss-til-Jostedalen-150x22.jpg 150w, https:\/\/www.historielaget.jostedal.no\/wordpress\/wp-content\/upLoads\/1742-Foss-til-Jostedalen-300x45.jpg 300w\" sizes=\"(max-width: 1024px) 100vw, 1024px\" \/><\/a><\/p>\n<p><em>I Jesu nafn tiltr\u00e6dte ieg Matthias Foss l\u00f8rdagen 7 Apriil 1742 Jystedahlens kald og holt Guds tieneste f\u00f8rste gang Dagen derefter 2 S\u00f8ndag efter Paaske [=8. april] og faldt ingen S\u00e6rdeles particulaire forretninger, uden ungdommens overh\u00f8relse.<\/em><\/p>\n<p><em>(<\/em>Fyrste innf\u00f8rsel av Matthias Foss i kyrkjeboka for Jostedalen.)<\/p>\n<p><strong>Kjelder om Foss andre stader:<\/strong><\/p>\n<p><a href=\"http:\/\/www.historielaget.jostedal.no\/?page_id=1401\">Kyrkjebok A1 for Jostedalen (1733-1751) &#8211; fullstendig avskrift<\/a><\/p>\n","protected":false},"excerpt":{"rendered":"<p>1700-talspresten Matthias Foss er ein av dei mest kjende personane med tilknyting til Jostedalen. Det tragiske livet hans som prest i Jostedalen gjennom 50 \u00e5r er gripande nok, men det er Justedalens kortelige Beskrivelse (skrive 1750, prenta 1802) som gjer at han vert hugsa. Jostedalsskildringa til Foss er ei av dei viktigaste kjeldene til jostedalssoga [&hellip;]<\/p>\n","protected":false},"author":2,"featured_media":0,"parent":0,"menu_order":6,"comment_status":"open","ping_status":"closed","template":"","meta":{"ngg_post_thumbnail":0,"footnotes":""},"class_list":["post-8","page","type-page","status-publish","hentry"],"_links":{"self":[{"href":"https:\/\/www.historielaget.jostedal.no\/index.php?rest_route=\/wp\/v2\/pages\/8","targetHints":{"allow":["GET"]}}],"collection":[{"href":"https:\/\/www.historielaget.jostedal.no\/index.php?rest_route=\/wp\/v2\/pages"}],"about":[{"href":"https:\/\/www.historielaget.jostedal.no\/index.php?rest_route=\/wp\/v2\/types\/page"}],"author":[{"embeddable":true,"href":"https:\/\/www.historielaget.jostedal.no\/index.php?rest_route=\/wp\/v2\/users\/2"}],"replies":[{"embeddable":true,"href":"https:\/\/www.historielaget.jostedal.no\/index.php?rest_route=%2Fwp%2Fv2%2Fcomments&post=8"}],"version-history":[{"count":20,"href":"https:\/\/www.historielaget.jostedal.no\/index.php?rest_route=\/wp\/v2\/pages\/8\/revisions"}],"predecessor-version":[{"id":3710,"href":"https:\/\/www.historielaget.jostedal.no\/index.php?rest_route=\/wp\/v2\/pages\/8\/revisions\/3710"}],"wp:attachment":[{"href":"https:\/\/www.historielaget.jostedal.no\/index.php?rest_route=%2Fwp%2Fv2%2Fmedia&parent=8"}],"curies":[{"name":"wp","href":"https:\/\/api.w.org\/{rel}","templated":true}]}}