{"id":801,"date":"2009-12-27T00:27:52","date_gmt":"2009-12-26T22:27:52","guid":{"rendered":"http:\/\/www.historielaget.jostedal.no\/?page_id=801"},"modified":"2011-08-05T12:25:24","modified_gmt":"2011-08-05T10:25:24","slug":"klagebrev-fra-t%c3%b8ger-jensen-1667","status":"publish","type":"page","link":"https:\/\/www.historielaget.jostedal.no\/?page_id=801","title":{"rendered":"Klagebrev fr\u00e5 T\u00f8ger Jensson (1667)"},"content":{"rendered":"<p><strong>Avskrift<\/strong><\/p>\n<p><em>[Brev fr\u00e5 T\u00f8ger Jensson 20.2.1667 ]<\/em><br \/>\nH\u00f8y Gunstige velbyrdige H General Major, H\u00f8y\u00e6rede H. Landtzherre, Gud allermectigste Eders Excelentz lenge vdj all velstand Spare och [velsigne] for Christi skyld amen.<\/p>\n<p>Jeg Fattige Fieldpr\u00e6st till en liden Justedals Kirche i Indre Sougen i Bergenhuus lehn beliggende, h\u00f8jlig foraarsages eders Excelentz min Ellendige vilckor i denne affdall, paa det allervnderdanigste och korteste at tilkiendegiffue.<br \/>\n1. Jordens misvext sampt vinterens Offuerfl\u00f8dige snee och Frost her Oppe till Fieldtz, foraarsager altid stoer hunger och armod, huor Offuer de n\u00f8dtes till at Ede Affner och barch aff Threerne.<br \/>\n2. Onde och Slemme veie till S\u00f8en som med besuerlighed maa fahris.<br \/>\n3. Ingen Nehring Endten aff Fiskeri eller andet kand S\u00f8ges.<br \/>\n4. Pr\u00e6stens visse Indkomst der aff Gieldet er Aarlig Offuer alt i det h\u00f8yeste 9 Th\u00f8nder Koren som dog Sielden bekommes.<br \/>\n5. En liden gaardt pr\u00e6stens Recidentz huortill Saaes 5 eller 6 Th\u00f8nder Koren som dog Offteste bortfryser och aff vinteren forderffuis Ellers ehr Indtet andet endten pr\u00e6steboels goedtz eller Noget andet tilliggende till gieldet.<\/p>\n<p>Dog paa det de Fattige Folch Iche for armoed och hungers N\u00f8d skulle miste deris Sielles\u00f8rgere och Sidde i M\u00f8rchet paa deris Salligheds veigne, da haffuer de Goede Herrer paa Bergenhuus En effter anden, aff h\u00f8y Gunst och Yncksomhed Offuer Pr\u00e6stens her paa Steden hans Ellendighed, paa Kongl May Naadigste behaug forundt hannem till hans F\u00f8de och Ophold 20 Th\u00f8nder Koren til samme brug och Haffue aff Kierckernis Thiende i Sougen, huilchet och Testificeris med velbemelte goede velbyrdige mands hender och vdgiffer bevillings breffuer, Sampt och med velfornehme Commisari Bulches breff, Huor vdaff om Eders Excelentz vilde See kunde videre Ehrfare<\/p>\n<p>Och Efftersom Nogle aff Kierckevergerne i Sougen veigrer sig i Aar det samme till mig at leffuere, N\u00f8dtes jeg till aff Eders Excelentz paa det aller ydmygeligste at vere begierendis, at i for Guds skyld och for denne Ringe Menigheds Salligheds forfremmelse skyld. Vilde verdiges till med en liden befalling till Kierckevergerne mig Fattige mand at Komme till hielp, adt jeg det lille Koren mig aff Gud och \u00d8ffrigheden Naadigst bevilget ehr nu som och tilforen ma[a]tte niude och bekomme fra det jeg mod Hungers Ellendighed Kunde finde Vedderquegelse, thi om det Icke skiede, ved jeg Ingen Raad till at faae Prestegaarden tilsaaed i Aar, ey heller Kand bliffue hous goetfolch betroed Noget at besaae, Effterdi de viide jeg haffuer lidet till at betalle dennem med Igien, Forhaabendes derfore visseligen it naadigt och goet, suar huos Eders Excelentz mig fattige mand till tr\u00f8st och vedderquegelse at bekomme.<\/p>\n<p>Det Gud allermegtigste Eders Excelentz visseligen fore vill bel\u00f8nne vnder huis beskiermelse jeg dagligen i mine b\u00f8nner maae Eders Excelentz Indslutte, skreffuit i<\/p>\n<p>Justedals Prestegaard den 20 Februari Anno 1667<br \/>\nEders Excelentzis allervnderdanigste och Pligtskyldigste tiener<br \/>\nTheocharus Ioannis Breumius<\/p>\n<p><em>[Brev fr\u00e5 Georg Reichwein 6.3.1667]<br \/>\n<\/em>Resolution<br \/>\nPaa Kongl. May Allernaadigste behaug haffuer Kierckevergerne vdi Sougen Suplicanten de forhen haffte 20 T\u00f8nder Korn aff Kierkernes Thiende pro quota och [?] som de ham dem hidindtil giffued at lade vere f\u00f8lgagtigt.<\/p>\n<p>Bergen den 6 Martj 1667.<br \/>\nfindes vnderskreffuet Reichveien.<\/p>\n<p><strong>Kjelde<\/strong><\/p>\n<p>Originalen er truleg tapt, og dokumentet er kjent gjennom <a href=\"http:\/\/www.historielaget.jostedal.no\/?page_id=693\"><strong><span style=\"color: #286ea0;\">avskrifta fr\u00e5 ca. 1670<\/span><\/strong><\/a>. Det er ogs\u00e5 med i <a href=\"http:\/\/www.historielaget.jostedal.no\/?page_id=696\"><strong><span style=\"color: #286ea0;\">1823-avskrifta<\/span><\/strong><\/a> (No. 1 [e, f]).<\/p>\n<p><strong>Merknad<\/strong><\/p>\n<p>Avskrifta ovanfor er gjort etter 1670-avskrifta. Nokre ord og orddelar st\u00e5r i [klammer], og dei er henta fr\u00e5 1823-avskrifta til Niels Dahl, som har pr\u00f8vd seg p\u00e5 \u00e5 rekonstruere det vesle som manglar eller er uleseleg.<\/p>\n<p>Jostedalspresten T\u00f8ger Jensson (Theocharus Ioannis Breumius) klagar si naud til Georg Reichwein i Bergen. Bakgrunnen er at somme av kyrkjeverjene ved dei andre kyrkjene i Indre og Ytre Sogn vegrar seg mot \u00e5 utlevere kornet fr\u00e5 kyrkjetienda som jostedalspresten har rett p\u00e5. I brevet klagar T\u00f8ger Jensson over dei ringe vilk\u00e5ra for josted\u00f8lene og jostedalspresten. Innhaldet er mykje det same som i <a href=\"http:\/\/www.historielaget.jostedal.no\/?page_id=797\">brevet 9.8.1664<\/a>. Han skriv at misvekst, sn\u00f8 og kulde alltid f\u00f8rer til hunger og armod, og at folk ofte m\u00e5 ete agner og bark av tre. Dei visse inntektene til presten (tienda) er berre ni t\u00f8nner korn \u00e5rleg. I prestegarden s\u00e5r ein fem-seks t\u00f8nner korn, men avlinga frys oftast bort. Om han ikkje f\u00e5r hjelp slik at han f\u00e5r kornet han har krav p\u00e5, ser han seg ikkje r\u00e5d til \u00e5 f\u00e5 prestegarden tils\u00e5dd i \u00e5r. Han har heller ikkje midlar \u00e5 kj\u00f8pe seg s\u00e5korn for.<\/p>\n<p>I ei p\u00e5skrift datert Bergen <strong>6. mars 1667 <\/strong>p\u00e5legg Georg Reichwein kyrkjeverjene i Sogn \u00e5 utlevere kornet som T\u00f8ger Jensson har rett p\u00e5. Generalmajor Georg Reichwein var amtmann for Bergenhus fr\u00e5 1666 til han d\u00f8ydde i mai 1667.\u00a0Sj\u00e5 omtaler i <a href=\"http:\/\/www.snl.no\/.nbl_biografi\/Georg_Reichwein\/utdypning\">Norsk biografisk leksikon<\/a> og <a href=\"http:\/\/runeberg.org\/dbl\/13\/0592.html\">Dansk biografisk leksikon<\/a>.<\/p>\n","protected":false},"excerpt":{"rendered":"<p>Avskrift [Brev fr\u00e5 T\u00f8ger Jensson 20.2.1667 ] H\u00f8y Gunstige velbyrdige H General Major, H\u00f8y\u00e6rede H. Landtzherre, Gud allermectigste Eders Excelentz lenge vdj all velstand Spare och [velsigne] for Christi skyld amen. Jeg Fattige Fieldpr\u00e6st till en liden Justedals Kirche i Indre Sougen i Bergenhuus lehn beliggende, h\u00f8jlig foraarsages eders Excelentz min Ellendige vilckor i denne [&hellip;]<\/p>\n","protected":false},"author":2,"featured_media":0,"parent":661,"menu_order":12,"comment_status":"open","ping_status":"open","template":"","meta":{"ngg_post_thumbnail":0,"footnotes":""},"class_list":["post-801","page","type-page","status-publish","hentry"],"_links":{"self":[{"href":"https:\/\/www.historielaget.jostedal.no\/index.php?rest_route=\/wp\/v2\/pages\/801","targetHints":{"allow":["GET"]}}],"collection":[{"href":"https:\/\/www.historielaget.jostedal.no\/index.php?rest_route=\/wp\/v2\/pages"}],"about":[{"href":"https:\/\/www.historielaget.jostedal.no\/index.php?rest_route=\/wp\/v2\/types\/page"}],"author":[{"embeddable":true,"href":"https:\/\/www.historielaget.jostedal.no\/index.php?rest_route=\/wp\/v2\/users\/2"}],"replies":[{"embeddable":true,"href":"https:\/\/www.historielaget.jostedal.no\/index.php?rest_route=%2Fwp%2Fv2%2Fcomments&post=801"}],"version-history":[{"count":8,"href":"https:\/\/www.historielaget.jostedal.no\/index.php?rest_route=\/wp\/v2\/pages\/801\/revisions"}],"predecessor-version":[{"id":1824,"href":"https:\/\/www.historielaget.jostedal.no\/index.php?rest_route=\/wp\/v2\/pages\/801\/revisions\/1824"}],"up":[{"embeddable":true,"href":"https:\/\/www.historielaget.jostedal.no\/index.php?rest_route=\/wp\/v2\/pages\/661"}],"wp:attachment":[{"href":"https:\/\/www.historielaget.jostedal.no\/index.php?rest_route=%2Fwp%2Fv2%2Fmedia&parent=801"}],"curies":[{"name":"wp","href":"https:\/\/api.w.org\/{rel}","templated":true}]}}