{"id":831,"date":"2009-12-28T20:15:34","date_gmt":"2009-12-28T18:15:34","guid":{"rendered":"http:\/\/www.historielaget.jostedal.no\/?page_id=831"},"modified":"2025-04-12T10:12:59","modified_gmt":"2025-04-12T08:12:59","slug":"statlege-rekneskapar-f%c3%b8r-1722","status":"publish","type":"page","link":"https:\/\/www.historielaget.jostedal.no\/?page_id=831","title":{"rendered":"Statlege rekneskapar (1631-1722)"},"content":{"rendered":"<p><a href=\"http:\/\/www.historielaget.jostedal.no\/wordpress\/wp-content\/upLoads\/kyrkjestol-1631.jpg\"><img decoding=\"async\" class=\"alignleft size-medium wp-image-962\" title=\"kyrkjestol 1631\" src=\"http:\/\/www.historielaget.jostedal.no\/wordpress\/wp-content\/upLoads\/kyrkjestol-1631-300x93.jpg\" alt=\"kyrkjestol 1631\" width=\"320\" srcset=\"https:\/\/www.historielaget.jostedal.no\/wordpress\/wp-content\/upLoads\/kyrkjestol-1631-300x93.jpg 300w, https:\/\/www.historielaget.jostedal.no\/wordpress\/wp-content\/upLoads\/kyrkjestol-1631-150x46.jpg 150w, https:\/\/www.historielaget.jostedal.no\/wordpress\/wp-content\/upLoads\/kyrkjestol-1631.jpg 799w\" sizes=\"(max-width: 300px) 100vw, 300px\" \/><\/a>Kyrkjerekneskapane (kyrkjestolane) fr\u00e5\u00a0Jostedalen er ei av dei eldste kjeldene me har om kyrkja. Statsarkivet i Bergen har rekneskapane fr\u00e5 tida medan det framleis var kongen (staten) som \u00e5tte kyrkjene. Rekneskapane inneheld \u00e5rvisse oversyn over utgifter og inntekter, og dessutan inventarlister.<\/p>\n<p>Protokollane vart digitaliserte og publiserte i Digitalarkivet ved \u00e5rsskiftet 2009\/10.<\/p>\n<p><strong>1. Rekneskap 1631-1674 (1689)<\/strong><br \/>\nKyrkjestolen for Luster prestegjeld vart f\u00f8rt fr\u00e5 og med rekneskaps\u00e5ret 1631-32 etter p\u00e5bod fr\u00e5 Jens Juel, lensherre over Bergenhus (<a href=\"http:\/\/www.historielaget.jostedal.no\/?page_id=2347\">brev fr\u00e5 Juel 6.9.1632 innteke fyrst i boka<\/a>). Jostedal vert i dette brevet nemnt som anneks til Luster. Kyrkjerekneskapen for Jostedal kyrkje vart f\u00f8rt i denne boka til og med 1674 d\u00e5 ho var utskriven (side 163-174 i protokollen). For andre sokn g\u00e5r protokollen fram til 1689. Han vart avlevert til Statsarkivet i Bergen i 1904.<br \/>\n<a href=\"https:\/\/www.digitalarkivet.no\/db60048376000157\">Les protokollen i Digitalarkivet <\/a>(side 163)<br \/>\n<a href=\"https:\/\/www.digitalarkivet.no\/source\/130902\">Katalogoppf\u00f8ring i Digitalarkivet<\/a><\/p>\n<p><strong>2. Rekneskap 1675-1722<br \/>\n<\/strong>Ein eigen rekneskapsprotokoll for Jostedal kyrkje vart teken i bruk fr\u00e5 1675. Han er ikkje utskriven og sluttar p\u00e5 det tidspunktet kyrkja vart auksjonert bort og seld (truleg 1723) til jostedalspresten Henrik Nitter.<br \/>\n<a href=\"https:\/\/www.digitalarkivet.no\/db60048380000001\">Les protokollen i Digitalarkivet<\/a><br \/>\n<a href=\"https:\/\/www.digitalarkivet.no\/source\/130906\">Katalogoppf\u00f8ring, Digitalarkivet<\/a><\/p>\n<p>Jostedal historielag har kopi av Anne Marta Hoff si avskrift av <em>utgiftene <\/em>i kyrkjerekneskapane 1631-1722 og eiga avskrift av inntektene. Dette er f\u00f8rebels ikkje lagt ut p\u00e5 nettet.<\/p>\n<p>&nbsp;<\/p>\n","protected":false},"excerpt":{"rendered":"<p>Kyrkjerekneskapane (kyrkjestolane) fr\u00e5\u00a0Jostedalen er ei av dei eldste kjeldene me har om kyrkja. Statsarkivet i Bergen har rekneskapane fr\u00e5 tida medan det framleis var kongen (staten) som \u00e5tte kyrkjene. Rekneskapane inneheld \u00e5rvisse oversyn over utgifter og inntekter, og dessutan inventarlister. Protokollane vart digitaliserte og publiserte i Digitalarkivet ved \u00e5rsskiftet 2009\/10. 1. Rekneskap 1631-1674 (1689) Kyrkjestolen [&hellip;]<\/p>\n","protected":false},"author":2,"featured_media":0,"parent":829,"menu_order":2,"comment_status":"open","ping_status":"open","template":"","meta":{"ngg_post_thumbnail":0,"footnotes":""},"class_list":["post-831","page","type-page","status-publish","hentry"],"_links":{"self":[{"href":"https:\/\/www.historielaget.jostedal.no\/index.php?rest_route=\/wp\/v2\/pages\/831","targetHints":{"allow":["GET"]}}],"collection":[{"href":"https:\/\/www.historielaget.jostedal.no\/index.php?rest_route=\/wp\/v2\/pages"}],"about":[{"href":"https:\/\/www.historielaget.jostedal.no\/index.php?rest_route=\/wp\/v2\/types\/page"}],"author":[{"embeddable":true,"href":"https:\/\/www.historielaget.jostedal.no\/index.php?rest_route=\/wp\/v2\/users\/2"}],"replies":[{"embeddable":true,"href":"https:\/\/www.historielaget.jostedal.no\/index.php?rest_route=%2Fwp%2Fv2%2Fcomments&post=831"}],"version-history":[{"count":13,"href":"https:\/\/www.historielaget.jostedal.no\/index.php?rest_route=\/wp\/v2\/pages\/831\/revisions"}],"predecessor-version":[{"id":3661,"href":"https:\/\/www.historielaget.jostedal.no\/index.php?rest_route=\/wp\/v2\/pages\/831\/revisions\/3661"}],"up":[{"embeddable":true,"href":"https:\/\/www.historielaget.jostedal.no\/index.php?rest_route=\/wp\/v2\/pages\/829"}],"wp:attachment":[{"href":"https:\/\/www.historielaget.jostedal.no\/index.php?rest_route=%2Fwp%2Fv2%2Fmedia&parent=831"}],"curies":[{"name":"wp","href":"https:\/\/api.w.org\/{rel}","templated":true}]}}