{"id":834,"date":"2009-12-28T20:25:06","date_gmt":"2009-12-28T18:25:06","guid":{"rendered":"http:\/\/www.historielaget.jostedal.no\/?page_id=834"},"modified":"2010-10-16T08:53:16","modified_gmt":"2010-10-16T06:53:16","slug":"private-rekneskapar-1722-ca-1910","status":"publish","type":"page","link":"https:\/\/www.historielaget.jostedal.no\/?page_id=834","title":{"rendered":"Private rekneskapar (ca. 1723-1910)"},"content":{"rendered":"<p>Det er skrint med arkivtilfang fr\u00e5 den tida kyrkja var i privat eige. Dei fyrste hundre \u00e5ra har me ikkje rekneskapar fr\u00e5, men me er s\u00e5 heldige \u00e5 ha kjennskap til to rekneskapsb\u00f8ker for Jostedal kyrkje fr\u00e5 1800-talet.<\/p>\n<p><strong>1. Kyrkjeprotokoll ca. 1833-1890<\/strong><br \/>\nProtokollen ligg i arkivet til <a href=\"http:\/\/www.sffarkiv.no\/sffbasar\/default.asp?p=result&amp;paging=yes&amp;ptype=single&amp;db=dbarkivskap&amp;page=1&amp;sql=low%5Fnavn+like+%27%25jostedal%25%25%27+++ORDER+BY+org%5Fid&amp;appinfogard=&amp;appinfostol=&amp;appinfourl=&amp;id=5\">Jostedal sokner\u00e5d <\/a>(Fylkesarkivet p\u00e5 Leikanger). Han har fylt ulike f\u00f8rem\u00e5l og inneheld f\u00f8lgjande:<br \/>\n1. Avskrift av ei <a href=\"http:\/\/www.historielaget.jostedal.no\/?page_id=881\">semje 12.5.1802 <\/a>mellom allmugen og kyrkjeeigaren, klokkar Johannes Asbj\u00f8rnson Hus. Semja galdt kor mykje kvar gard skulle betale i kyrkjetiend og korleis betalinga skulle skje.\u00a0<br \/>\n2. Avskrift av kongesk\u00f8ytet til Henrik Nitter 11.8.1725.<br \/>\n3. Autorisasjon av prestar\/prostar\/biskopar 1833-1859 (\u00e5rleg med nokre unntak).<br \/>\n4. Kyrkjerekneskap (inntekter og utgifter) \u00e5rleg 1871-1890.<\/p>\n<p>Kyrkjeeigar Johannes Asbj\u00f8rnson Hus d\u00f8ydde i 1833, s\u00e5 protokollen vart truleg teken i bruk av dei nye (og ukjende) eigarane som d\u00e5 fekk hand om kyrkja. I 1851 er Hans Rasmusson Hellegaard og Lars Erikson Espe nemnde som eigarar. Rekneskapane 1871-1890 er underskrivne av Hellegaard og soknepresten.<\/p>\n<p><img loading=\"lazy\" decoding=\"async\" class=\"alignleft size-full wp-image-204\" title=\"pdf\" src=\"http:\/\/www.historielaget.jostedal.no\/wordpress\/http:\/\/www.historielaget.jostedal.no\/public_html\/\/pdf.gif\" alt=\"pdf\" width=\"16\" height=\"16\" \/><a href=\"http:\/\/www.historielaget.jostedal.no\/1833-kyrkjeprotokoll.pdf\">Heile protokollen skanna <\/a>(handskriven) (3 Mb, digitalisert av Fylkesarkivet)<\/p>\n<p><strong>2. Kyrkjeprotokoll ca. 1849-1873<\/strong><br \/>\nProtokollen inneheld oversyn over tiendbetalinga fr\u00e5 kvar einskild skattytar i perioden. Det er s\u00e5leis \u00e5 rekne som ei kassedagbok for tiendinnkrevjinga. Det ser heller ikkje ut til \u00e5 vere revisjons- eller autorisasjonsmerknader, s\u00e5 dette var nok mest som ei kladdebok. Protokollen er i privat eige.<\/p>\n","protected":false},"excerpt":{"rendered":"<p>Det er skrint med arkivtilfang fr\u00e5 den tida kyrkja var i privat eige. Dei fyrste hundre \u00e5ra har me ikkje rekneskapar fr\u00e5, men me er s\u00e5 heldige \u00e5 ha kjennskap til to rekneskapsb\u00f8ker for Jostedal kyrkje fr\u00e5 1800-talet. 1. Kyrkjeprotokoll ca. 1833-1890 Protokollen ligg i arkivet til Jostedal sokner\u00e5d (Fylkesarkivet p\u00e5 Leikanger). Han har fylt [&hellip;]<\/p>\n","protected":false},"author":2,"featured_media":0,"parent":829,"menu_order":3,"comment_status":"open","ping_status":"open","template":"","meta":{"ngg_post_thumbnail":0,"footnotes":""},"class_list":["post-834","page","type-page","status-publish","hentry"],"_links":{"self":[{"href":"https:\/\/www.historielaget.jostedal.no\/index.php?rest_route=\/wp\/v2\/pages\/834","targetHints":{"allow":["GET"]}}],"collection":[{"href":"https:\/\/www.historielaget.jostedal.no\/index.php?rest_route=\/wp\/v2\/pages"}],"about":[{"href":"https:\/\/www.historielaget.jostedal.no\/index.php?rest_route=\/wp\/v2\/types\/page"}],"author":[{"embeddable":true,"href":"https:\/\/www.historielaget.jostedal.no\/index.php?rest_route=\/wp\/v2\/users\/2"}],"replies":[{"embeddable":true,"href":"https:\/\/www.historielaget.jostedal.no\/index.php?rest_route=%2Fwp%2Fv2%2Fcomments&post=834"}],"version-history":[{"count":11,"href":"https:\/\/www.historielaget.jostedal.no\/index.php?rest_route=\/wp\/v2\/pages\/834\/revisions"}],"predecessor-version":[{"id":837,"href":"https:\/\/www.historielaget.jostedal.no\/index.php?rest_route=\/wp\/v2\/pages\/834\/revisions\/837"}],"up":[{"embeddable":true,"href":"https:\/\/www.historielaget.jostedal.no\/index.php?rest_route=\/wp\/v2\/pages\/829"}],"wp:attachment":[{"href":"https:\/\/www.historielaget.jostedal.no\/index.php?rest_route=%2Fwp%2Fv2%2Fmedia&parent=834"}],"curies":[{"name":"wp","href":"https:\/\/api.w.org\/{rel}","templated":true}]}}